{"id":7026,"date":"2026-01-19T10:10:06","date_gmt":"2026-01-19T10:10:06","guid":{"rendered":"https:\/\/www.aprolitic.com\/?page_id=7026"},"modified":"2026-01-19T10:10:49","modified_gmt":"2026-01-19T10:10:49","slug":"blog","status":"publish","type":"page","link":"https:\/\/www.aprolitic.com\/eng\/blog\/","title":{"rendered":"Blog"},"content":{"rendered":"<div data-elementor-type=\"wp-page\" data-elementor-id=\"7026\" class=\"elementor elementor-7026\" data-elementor-post-type=\"page\">\n\t\t\t\t<div data-particle_enable=\"false\" data-particle-mobile-disabled=\"false\" class=\"elementor-element elementor-element-93445a3 e-flex e-con-boxed e-con e-parent\" data-id=\"93445a3\" data-element_type=\"container\" data-settings=\"{&quot;mk_ext_is_sticky&quot;:&quot;false&quot;}\">\n\t\t\t\t\t<div class=\"e-con-inner\">\n\t\t\t\t<div class=\"elementor-element elementor-element-d9d3f36 elementor-grid-eael-col-3 elementor-grid-tablet-eael-col-2 elementor-grid-mobile-eael-col-1 elementor-widget elementor-widget-eael-post-grid\" data-id=\"d9d3f36\" data-element_type=\"widget\" data-settings=\"{&quot;eael_post_grid_columns&quot;:&quot;eael-col-3&quot;,&quot;eael_post_grid_columns_tablet&quot;:&quot;eael-col-2&quot;,&quot;eael_post_grid_columns_mobile&quot;:&quot;eael-col-1&quot;,&quot;mk_ext_is_infinite&quot;:&quot;false&quot;,&quot;mk_ext_is_scrollme&quot;:&quot;false&quot;}\" data-widget_type=\"eael-post-grid.default\">\n\t\t\t\t\t<div id=\"eael-post-grid-d9d3f36\" class=\"eael-post-grid-container\">\n            <div class=\"eael-post-grid eael-post-appender eael-post-appender-d9d3f36 eael-post-grid-style-one\" data-layout-mode=\"masonry\"><article class=\"eael-grid-post eael-post-grid-column\" data-id=\"1298\">\n        <div class=\"eael-grid-post-holder\">\n            <div class=\"eael-grid-post-holder-inner\"><div class=\"eael-entry-wrapper\"><header class=\"eael-entry-header\"><h2 class=\"eael-entry-title\"><a class=\"eael-grid-post-link\" href=\"https:\/\/www.aprolitic.com\/eng\/bauzeitverlaengerung-terminplan-nachweis\/\" title=\"Bauzeitverl\u00e4ngerung &#038; Terminplan-Nachweis: Wie l\u00e4sst sich eine Fristverl\u00e4ngerung nachweisen? (VOB\/B &#038; BGB)\">Extension of construction period &amp; schedule verification: How can an extension of the deadline be verified? (VOB\/B &amp; BGB)<\/a><\/h2><\/header><div class=\"eael-entry-content\">\n                        <div class=\"eael-grid-post-excerpt\"><p>Bauzeitverl\u00e4ngerung richtig nachweisen:\u00a0 Auf der Baustelle werden Termine h\u00e4ufig informell...<\/p><a href=\"https:\/\/www.aprolitic.com\/eng\/bauzeitverlaengerung-terminplan-nachweis\/\" class=\"eael-post-elements-readmore-btn\">Read more<\/a><\/div>\n                    <\/div><div class=\"eael-entry-footer\"><div class=\"eael-author-avatar\"><a href=\"https:\/\/www.aprolitic.com\/eng\/author\/aprolitic\/\"><img decoding=\"async\" alt=\"Bojan\" src=\"https:\/\/secure.gravatar.com\/avatar\/721bd629f0e2a6734e7a13ffc72380f3e1dfec6feb91a3a0d5182d41ee8753a8?s=96&#038;d=mm&#038;r=g\" srcset=\"https:\/\/secure.gravatar.com\/avatar\/721bd629f0e2a6734e7a13ffc72380f3e1dfec6feb91a3a0d5182d41ee8753a8?s=192&#038;d=mm&#038;r=g 2x\" class=\"avatar avatar-96 photo\" height=\"96\" width=\"96\" title=\"\"><\/a><\/div><div class=\"eael-entry-meta\"><span class=\"eael-posted-by\"><a href=\"https:\/\/www.aprolitic.com\/eng\/author\/aprolitic\/\" title=\"Posts by Bojan\" rel=\"author\">Bojan<\/a><\/span><span class=\"eael-posted-on\"><time datetime=\"22.01.2026\">22.01.2026<\/time><\/span><\/div><\/div><\/div><\/div>\n        <\/div>\n    <\/article><article class=\"eael-grid-post eael-post-grid-column\" data-id=\"1299\">\n        <div class=\"eael-grid-post-holder\">\n            <div class=\"eael-grid-post-holder-inner\"><div class=\"eael-entry-wrapper\"><header class=\"eael-entry-header\"><h2 class=\"eael-entry-title\"><a class=\"eael-grid-post-link\" href=\"https:\/\/www.aprolitic.com\/eng\/aufmass-entweder-wirst-du-bezahlt-oder-du-wirst-gestrichen\/\" title=\"Aufma\u00df: Either You Get Paid\u2014or You Get Crossed Out\">Aufma\u00df: Either You Get Paid\u2014or You Get Crossed Out<\/a><\/h2><\/header><div class=\"eael-entry-content\">\n                        <div class=\"eael-grid-post-excerpt\"><p>Auf gro\u00dfen Projekten gibt es zwei Welten: die Welt der...<\/p><a href=\"https:\/\/www.aprolitic.com\/eng\/aufmass-entweder-wirst-du-bezahlt-oder-du-wirst-gestrichen\/\" class=\"eael-post-elements-readmore-btn\">Read more<\/a><\/div>\n                    <\/div><div class=\"eael-entry-footer\"><div class=\"eael-author-avatar\"><a href=\"https:\/\/www.aprolitic.com\/eng\/author\/aprolitic\/\"><img decoding=\"async\" alt=\"Bojan\" src=\"https:\/\/secure.gravatar.com\/avatar\/721bd629f0e2a6734e7a13ffc72380f3e1dfec6feb91a3a0d5182d41ee8753a8?s=96&#038;d=mm&#038;r=g\" srcset=\"https:\/\/secure.gravatar.com\/avatar\/721bd629f0e2a6734e7a13ffc72380f3e1dfec6feb91a3a0d5182d41ee8753a8?s=192&#038;d=mm&#038;r=g 2x\" class=\"avatar avatar-96 photo\" height=\"96\" width=\"96\" title=\"\"><\/a><\/div><div class=\"eael-entry-meta\"><span class=\"eael-posted-by\"><a href=\"https:\/\/www.aprolitic.com\/eng\/author\/aprolitic\/\" title=\"Posts by Bojan\" rel=\"author\">Bojan<\/a><\/span><span class=\"eael-posted-on\"><time datetime=\"10.01.2026\">10.01.2026<\/time><\/span><\/div><\/div><\/div><\/div>\n        <\/div>\n    <\/article><\/div>\n            <div class=\"clearfix\"><\/div>\n        <\/div>\t\t\t\t<\/div>\n\t\t\t\t\t<\/div>\n\t\t\t\t<\/div>\n\t\t\t\t<\/div>","protected":false},"excerpt":{"rendered":"<p>Aufma\u00df: Entweder wirst du bezahlt \u2013 oder du wirst gestrichen Aufma\u00df: Entweder wirst du bezahlt \u2013 oder du wirst gestrichen&#8230; Read More Bojan28.03.2024 strategies for release and renewal Sed fringilla massa dignissim fringilla dignissim donec faucibus enim vitae&#8230; Read More Bojan28.03.2024<\/p>","protected":false},"author":3,"featured_media":0,"parent":0,"menu_order":0,"comment_status":"closed","ping_status":"closed","template":"","meta":{"footnotes":""},"class_list":["post-7026","page","type-page","status-publish","hentry"],"_links":{"self":[{"href":"https:\/\/www.aprolitic.com\/eng\/wp-json\/wp\/v2\/pages\/7026","targetHints":{"allow":["GET"]}}],"collection":[{"href":"https:\/\/www.aprolitic.com\/eng\/wp-json\/wp\/v2\/pages"}],"about":[{"href":"https:\/\/www.aprolitic.com\/eng\/wp-json\/wp\/v2\/types\/page"}],"author":[{"embeddable":true,"href":"https:\/\/www.aprolitic.com\/eng\/wp-json\/wp\/v2\/users\/3"}],"replies":[{"embeddable":true,"href":"https:\/\/www.aprolitic.com\/eng\/wp-json\/wp\/v2\/comments?post=7026"}],"version-history":[{"count":4,"href":"https:\/\/www.aprolitic.com\/eng\/wp-json\/wp\/v2\/pages\/7026\/revisions"}],"predecessor-version":[{"id":7030,"href":"https:\/\/www.aprolitic.com\/eng\/wp-json\/wp\/v2\/pages\/7026\/revisions\/7030"}],"wp:attachment":[{"href":"https:\/\/www.aprolitic.com\/eng\/wp-json\/wp\/v2\/media?parent=7026"}],"curies":[{"name":"wp","href":"https:\/\/api.w.org\/{rel}","templated":true}]}}