{"id":6209,"date":"2025-10-03T17:00:56","date_gmt":"2025-10-03T17:00:56","guid":{"rendered":"https:\/\/www.aprolitic.com\/?page_id=6209"},"modified":"2025-10-12T16:26:33","modified_gmt":"2025-10-12T16:26:33","slug":"monitoring","status":"publish","type":"page","link":"https:\/\/www.aprolitic.com\/eng\/monitoring\/","title":{"rendered":"Monitoring"},"content":{"rendered":"<div data-elementor-type=\"wp-page\" data-elementor-id=\"6209\" class=\"elementor elementor-6209\" data-elementor-post-type=\"page\">\n\t\t\t\t<div data-particle_enable=\"false\" data-particle-mobile-disabled=\"false\" class=\"elementor-element elementor-element-10e1e9a e-flex e-con-boxed e-con e-parent\" data-id=\"10e1e9a\" data-element_type=\"container\" data-settings=\"{&quot;mk_ext_is_sticky&quot;:&quot;false&quot;}\">\n\t\t\t\t\t<div class=\"e-con-inner\">\n\t\t\t\t<div class=\"elementor-element elementor-element-88c35d3 elementor-widget elementor-widget-heading\" data-id=\"88c35d3\" data-element_type=\"widget\" data-settings=\"{&quot;mk_ext_is_infinite&quot;:&quot;false&quot;,&quot;mk_ext_is_scrollme&quot;:&quot;false&quot;}\" data-widget_type=\"heading.default\">\n\t\t\t\t\t<h2 class=\"elementor-heading-title elementor-size-default\">Monitoring<\/h2>\t\t\t\t<\/div>\n\t\t\t\t\t<\/div>\n\t\t\t\t<\/div>\n\t\t<div data-particle_enable=\"false\" data-particle-mobile-disabled=\"false\" class=\"elementor-element elementor-element-5787766 e-flex e-con-boxed e-con e-parent\" data-id=\"5787766\" data-element_type=\"container\" data-settings=\"{&quot;mk_ext_is_sticky&quot;:&quot;false&quot;}\">\n\t\t\t\t\t<div class=\"e-con-inner\">\n\t\t\t\t<div class=\"elementor-element elementor-element-d40be4d elementor-widget elementor-widget-text-editor\" data-id=\"d40be4d\" data-element_type=\"widget\" data-settings=\"{&quot;mk_ext_is_infinite&quot;:&quot;false&quot;,&quot;mk_ext_is_scrollme&quot;:&quot;false&quot;}\" data-widget_type=\"text-editor.default\">\n\t\t\t\t\t\t\t\t\t<p><em>Where control begins, chaos ends.<\/em><\/p><p>One screen \u2014 the entire jobsite in real time: <strong>materials, work, personnel, deadlines, and costs<\/strong>all linked to <strong>plans<\/strong> and the <strong>BIM - Model<\/strong>.<\/p>\t\t\t\t\t\t\t\t<\/div>\n\t\t\t\t\t<\/div>\n\t\t\t\t<\/div>\n\t\t<div data-particle_enable=\"false\" data-particle-mobile-disabled=\"false\" class=\"elementor-element elementor-element-4d08a1d e-flex e-con-boxed e-con e-parent\" data-id=\"4d08a1d\" data-element_type=\"container\" data-settings=\"{&quot;mk_ext_is_sticky&quot;:&quot;false&quot;}\">\n\t\t\t\t\t<div class=\"e-con-inner\">\n\t\t<div data-particle_enable=\"false\" data-particle-mobile-disabled=\"false\" class=\"elementor-element elementor-element-aa7e1e9 e-con-full e-flex e-con e-child\" data-id=\"aa7e1e9\" data-element_type=\"container\" data-settings=\"{&quot;mk_ext_is_sticky&quot;:&quot;false&quot;}\">\n\t\t\t\t<div class=\"elementor-element elementor-element-1409bba elementor-widget elementor-widget-text-editor\" data-id=\"1409bba\" data-element_type=\"widget\" data-settings=\"{&quot;mk_ext_is_infinite&quot;:&quot;false&quot;,&quot;mk_ext_is_scrollme&quot;:&quot;false&quot;}\" data-widget_type=\"text-editor.default\">\n\t\t\t\t\t\t\t\t\t<p><strong>Why our Monitoring?<\/strong><\/p><ul><li><strong>Zero tolerance for losses:<\/strong> end-to-end traceability from goods receipt to installation \u2014 and back.<\/li><li><strong>Faster decisions, lower risk:<\/strong> \u2013 Key data is continuously updated.<\/li><li><strong>Clear accountability:<\/strong> every change has a timestamp, author, and evidence (full audit trail).<\/li><li><strong>Maximum team productivity:<\/strong> daily output by person and trade always visible.<\/li><li><strong>Single source of truth:<\/strong> centralized view of progress, costs, and priorities.<\/li><li><strong>BIM-linked:<\/strong> the status of plans and the model always mirrors on-site progress.<\/li><\/ul><p><strong>Ready to see how it looks on your project?<\/strong><\/p>\t\t\t\t\t\t\t\t<\/div>\n\t\t\t\t<\/div>\n\t\t<div data-particle_enable=\"false\" data-particle-mobile-disabled=\"false\" class=\"elementor-element elementor-element-8fc184c e-con-full e-flex e-con e-child\" data-id=\"8fc184c\" data-element_type=\"container\" data-settings=\"{&quot;mk_ext_is_sticky&quot;:&quot;false&quot;}\">\n\t\t\t\t<div class=\"elementor-element elementor-element-c6ad01d elementor-widget elementor-widget-text-editor\" data-id=\"c6ad01d\" data-element_type=\"widget\" data-settings=\"{&quot;mk_ext_is_infinite&quot;:&quot;false&quot;,&quot;mk_ext_is_scrollme&quot;:&quot;false&quot;}\" data-widget_type=\"text-editor.default\">\n\t\t\t\t\t\t\t\t\t<p><strong>What you get immediately?<\/strong><\/p><ul><li><strong>Instant insight<\/strong> into stock, installations, returns, and the status of buffer storage.<\/li><li><strong>Subcontractor overview:<\/strong> hours, executed work, and recognized quantities (quantity takeoff \/ reports).<\/li><li><strong>Progress by trade:<\/strong> e.g., lighting, network\/IT, fire alarm system (BMA), access control.<\/li><li>The <strong>projects \u201eFinancial pulse\u201c<\/strong> \u2014 clearly visualized through trend charts.<\/li><\/ul>\t\t\t\t\t\t\t\t<\/div>\n\t\t\t\t<\/div>\n\t\t\t\t\t<\/div>\n\t\t\t\t<\/div>\n\t\t<div data-particle_enable=\"false\" data-particle-mobile-disabled=\"false\" class=\"elementor-element elementor-element-40c4d03 e-flex e-con-boxed e-con e-parent\" data-id=\"40c4d03\" data-element_type=\"container\" data-settings=\"{&quot;mk_ext_is_sticky&quot;:&quot;false&quot;}\">\n\t\t\t\t\t<div class=\"e-con-inner\">\n\t\t\t\t<div class=\"elementor-element elementor-element-fb616cf elementor-widget elementor-widget-image\" data-id=\"fb616cf\" data-element_type=\"widget\" data-settings=\"{&quot;mk_ext_is_infinite&quot;:&quot;false&quot;,&quot;mk_ext_is_scrollme&quot;:&quot;false&quot;}\" data-widget_type=\"image.default\">\n\t\t\t\t\t\t\t\t\t\t\t\t\t\t\t<img decoding=\"async\" src=\"https:\/\/www.aprolitic.com\/wp-content\/uploads\/2025\/10\/slider-velika-HD3.png\" title=\"\" alt=\"\" loading=\"lazy\">\t\t\t\t\t\t\t\t\t\t\t\t\t\t\t<\/div>\n\t\t\t\t\t<\/div>\n\t\t\t\t<\/div>\n\t\t<div data-particle_enable=\"false\" data-particle-mobile-disabled=\"false\" class=\"elementor-element elementor-element-3c17b1e e-flex e-con-boxed e-con e-parent\" data-id=\"3c17b1e\" data-element_type=\"container\" data-settings=\"{&quot;mk_ext_is_sticky&quot;:&quot;false&quot;}\">\n\t\t\t\t\t<div class=\"e-con-inner\">\n\t\t\t\t<div class=\"elementor-element elementor-element-6d3a0df elementor-widget elementor-widget-image\" data-id=\"6d3a0df\" data-element_type=\"widget\" data-settings=\"{&quot;mk_ext_is_infinite&quot;:&quot;false&quot;,&quot;mk_ext_is_scrollme&quot;:&quot;false&quot;}\" data-widget_type=\"image.default\">\n\t\t\t\t\t\t\t\t\t\t\t\t\t\t\t<img fetchpriority=\"high\" decoding=\"async\" width=\"1024\" height=\"625\" src=\"https:\/\/www.aprolitic.com\/wp-content\/uploads\/2025\/10\/MOnitoring-1024x625.png\" class=\"attachment-large size-large wp-image-6677\" alt=\"\" srcset=\"https:\/\/www.aprolitic.com\/wp-content\/uploads\/2025\/10\/MOnitoring-1024x625.png 1024w, https:\/\/www.aprolitic.com\/wp-content\/uploads\/2025\/10\/MOnitoring-300x183.png 300w, https:\/\/www.aprolitic.com\/wp-content\/uploads\/2025\/10\/MOnitoring-768x468.png 768w, https:\/\/www.aprolitic.com\/wp-content\/uploads\/2025\/10\/MOnitoring-18x12.png 18w, https:\/\/www.aprolitic.com\/wp-content\/uploads\/2025\/10\/MOnitoring.png 1200w\" sizes=\"(max-width: 1024px) 100vw, 1024px\" title=\"\">\t\t\t\t\t\t\t\t\t\t\t\t\t\t\t<\/div>\n\t\t\t\t\t<\/div>\n\t\t\t\t<\/div>\n\t\t\t\t<\/div>","protected":false},"excerpt":{"rendered":"<p>Monitoring Wo Kontrolle beginnt, h\u00f6rt das Chaos auf. Ein Bildschirm \u2013 die gesamte Baustelle in Echtzeit: Material, Leistungen, Personal, Termine und Kosten, verkn\u00fcpft mit Pl\u00e4nen und dem BIM-Modell. Warum unser Monitoring? Nulltoleranz f\u00fcr Verluste \u2013 l\u00fcckenlose R\u00fcckverfolgbarkeit vom Wareneingang bis zur Montage und zur\u00fcck. Schnellere Entscheidungen, weniger Risiko \u2013 Schl\u00fc\u00dfeldaten [&hellip;]<\/p>","protected":false},"author":3,"featured_media":0,"parent":0,"menu_order":0,"comment_status":"closed","ping_status":"closed","template":"","meta":{"footnotes":""},"class_list":["post-6209","page","type-page","status-publish","hentry"],"_links":{"self":[{"href":"https:\/\/www.aprolitic.com\/eng\/wp-json\/wp\/v2\/pages\/6209","targetHints":{"allow":["GET"]}}],"collection":[{"href":"https:\/\/www.aprolitic.com\/eng\/wp-json\/wp\/v2\/pages"}],"about":[{"href":"https:\/\/www.aprolitic.com\/eng\/wp-json\/wp\/v2\/types\/page"}],"author":[{"embeddable":true,"href":"https:\/\/www.aprolitic.com\/eng\/wp-json\/wp\/v2\/users\/3"}],"replies":[{"embeddable":true,"href":"https:\/\/www.aprolitic.com\/eng\/wp-json\/wp\/v2\/comments?post=6209"}],"version-history":[{"count":10,"href":"https:\/\/www.aprolitic.com\/eng\/wp-json\/wp\/v2\/pages\/6209\/revisions"}],"predecessor-version":[{"id":6680,"href":"https:\/\/www.aprolitic.com\/eng\/wp-json\/wp\/v2\/pages\/6209\/revisions\/6680"}],"wp:attachment":[{"href":"https:\/\/www.aprolitic.com\/eng\/wp-json\/wp\/v2\/media?parent=6209"}],"curies":[{"name":"wp","href":"https:\/\/api.w.org\/{rel}","templated":true}]}}