{"id":6207,"date":"2025-10-03T16:40:15","date_gmt":"2025-10-03T16:40:15","guid":{"rendered":"https:\/\/www.aprolitic.com\/?page_id=6207"},"modified":"2025-11-13T18:56:16","modified_gmt":"2025-11-13T18:56:16","slug":"datenbanken-analytik","status":"publish","type":"page","link":"https:\/\/www.aprolitic.com\/eng\/datenbanken-analytik\/","title":{"rendered":"Datenbanken &#038; Analytik"},"content":{"rendered":"<div data-elementor-type=\"wp-page\" data-elementor-id=\"6207\" class=\"elementor elementor-6207\" data-elementor-post-type=\"page\">\n\t\t\t\t<div data-particle_enable=\"false\" data-particle-mobile-disabled=\"false\" class=\"elementor-element elementor-element-10e1e9a e-flex e-con-boxed e-con e-parent\" data-id=\"10e1e9a\" data-element_type=\"container\" data-settings=\"{&quot;mk_ext_is_sticky&quot;:&quot;false&quot;}\">\n\t\t\t\t\t<div class=\"e-con-inner\">\n\t\t\t\t<div class=\"elementor-element elementor-element-88c35d3 elementor-widget elementor-widget-heading\" data-id=\"88c35d3\" data-element_type=\"widget\" data-settings=\"{&quot;mk_ext_is_infinite&quot;:&quot;false&quot;,&quot;mk_ext_is_scrollme&quot;:&quot;false&quot;}\" data-widget_type=\"heading.default\">\n\t\t\t\t\t<h2 class=\"elementor-heading-title elementor-size-default\"> Databases &amp; Analytics<\/h2>\t\t\t\t<\/div>\n\t\t\t\t\t<\/div>\n\t\t\t\t<\/div>\n\t\t<div data-particle_enable=\"false\" data-particle-mobile-disabled=\"false\" class=\"elementor-element elementor-element-4d08a1d e-flex e-con-boxed e-con e-parent\" data-id=\"4d08a1d\" data-element_type=\"container\" data-settings=\"{&quot;mk_ext_is_sticky&quot;:&quot;false&quot;}\">\n\t\t\t\t\t<div class=\"e-con-inner\">\n\t\t<div data-particle_enable=\"false\" data-particle-mobile-disabled=\"false\" class=\"elementor-element elementor-element-aa7e1e9 e-con-full e-flex e-con e-child\" data-id=\"aa7e1e9\" data-element_type=\"container\" data-settings=\"{&quot;mk_ext_is_sticky&quot;:&quot;false&quot;}\">\n\t\t\t\t<div class=\"elementor-element elementor-element-1409bba elementor-widget elementor-widget-text-editor\" data-id=\"1409bba\" data-element_type=\"widget\" data-settings=\"{&quot;mk_ext_is_infinite&quot;:&quot;false&quot;,&quot;mk_ext_is_scrollme&quot;:&quot;false&quot;}\" data-widget_type=\"text-editor.default\">\n\t\t\t\t\t\t\t\t\t<p><strong>A uniform, reliable database<\/strong><\/p><p>At the project level, it connects the warehouse, the jobsite, and billing \u2014 with real-time analytics and end-to-end traceability from goods receipt to installation.<\/p><ul><li>Material master data (EAN, batch\/lot)<\/li><li>Locations and status values<\/li><li>Linkage: zones, distribution boards\/panels, work orders<\/li><li>Versioning &amp; audit trail: complete change log<\/li><\/ul><p><strong>Digital site diary (daily log)<\/strong><\/p><ul><li>Daily records: work, personnel, equipment, consumption<\/li><li>Evidence: timestamps, photos\/videos, attachments<\/li><li>Recording of downtimes, changes and incidents<\/li><li>Automation: automatic data pull from the database and warehouse<\/li><li>Compliance format: aligned with VOB\/BGB, with legal evidentiary value \u2014 even without the supervisor\u2019s signature<\/li><\/ul><p><strong>Electrical-specific tools<\/strong><\/p><ul><li>Distribution boards &amp; circuits<\/li><li>Terminal lists<\/li><li>Cable routes<\/li><li>Automatic length and reserve calculations<\/li><li>BOM &amp; quantity takeoffs (Aufma\u00df): generated directly from the database (2D drawings + BIM 3D models)<\/li><\/ul>\t\t\t\t\t\t\t\t<\/div>\n\t\t\t\t<\/div>\n\t\t<div data-particle_enable=\"false\" data-particle-mobile-disabled=\"false\" class=\"elementor-element elementor-element-8fc184c e-con-full e-flex e-con e-child\" data-id=\"8fc184c\" data-element_type=\"container\" data-settings=\"{&quot;mk_ext_is_sticky&quot;:&quot;false&quot;}\">\n\t\t\t\t<div class=\"elementor-element elementor-element-c6ad01d elementor-widget elementor-widget-text-editor\" data-id=\"c6ad01d\" data-element_type=\"widget\" data-settings=\"{&quot;mk_ext_is_infinite&quot;:&quot;false&quot;,&quot;mk_ext_is_scrollme&quot;:&quot;false&quot;}\" data-widget_type=\"text-editor.default\">\n\t\t\t\t\t\t\t\t\t<p><strong>Digital warehouse and traceability<\/strong><\/p><ul><li>Inventory tracking by location<\/li><li>Seamless traceability: \u201cfrom goods receipt to installation\u201d<\/li><\/ul><p><strong>Analytics &amp; oversight<\/strong><\/p><ul><li>Plan vs. actual (Plan\/Ist) reconciliation<\/li><li>Consumption views: by zone \/ distribution board \/ team<\/li><li>Early warnings: deviations and thresholds<\/li><li>KPI dashboards: detailed filters for drill-down<\/li><\/ul><p><strong>Safety and Compliance<\/strong><\/p><ul><li>Roles &amp; permissions: project manager \/ Bauleiter \/ storekeeper<\/li><li>Encryption<\/li><li>Data security &amp; GDPR (DSGVO) compliance<\/li><li>Change log: compliant with VOB\/BGB<\/li><\/ul><p><strong>Reporting<\/strong><\/p><ul><li>Export to Excel\/PDF<\/li><li>Templates: for billing<\/li><li>Management-ready reports: presentation grade<\/li><\/ul>\t\t\t\t\t\t\t\t<\/div>\n\t\t\t\t<\/div>\n\t\t\t\t\t<\/div>\n\t\t\t\t<\/div>\n\t\t<div data-particle_enable=\"false\" data-particle-mobile-disabled=\"false\" class=\"elementor-element elementor-element-78d9aa3 e-flex e-con-boxed e-con e-parent\" data-id=\"78d9aa3\" data-element_type=\"container\" data-settings=\"{&quot;mk_ext_is_sticky&quot;:&quot;false&quot;}\">\n\t\t\t\t\t<div class=\"e-con-inner\">\n\t\t\t\t<div class=\"elementor-element elementor-element-0035883 elementor-widget elementor-widget-image\" data-id=\"0035883\" data-element_type=\"widget\" data-settings=\"{&quot;mk_ext_is_infinite&quot;:&quot;false&quot;,&quot;mk_ext_is_scrollme&quot;:&quot;false&quot;}\" data-widget_type=\"image.default\">\n\t\t\t\t\t\t\t\t\t\t\t\t\t\t\t<img fetchpriority=\"high\" decoding=\"async\" width=\"768\" height=\"492\" src=\"https:\/\/www.aprolitic.com\/wp-content\/uploads\/2025\/10\/Datenbank-768x492.png\" class=\"attachment-medium_large size-medium_large wp-image-6766\" alt=\"\" srcset=\"https:\/\/www.aprolitic.com\/wp-content\/uploads\/2025\/10\/Datenbank-768x492.png 768w, https:\/\/www.aprolitic.com\/wp-content\/uploads\/2025\/10\/Datenbank-300x192.png 300w, https:\/\/www.aprolitic.com\/wp-content\/uploads\/2025\/10\/Datenbank-18x12.png 18w, https:\/\/www.aprolitic.com\/wp-content\/uploads\/2025\/10\/Datenbank.png 1000w\" sizes=\"(max-width: 768px) 100vw, 768px\" title=\"\">\t\t\t\t\t\t\t\t\t\t\t\t\t\t\t<\/div>\n\t\t\t\t\t<\/div>\n\t\t\t\t<\/div>\n\t\t\t\t<\/div>","protected":false},"excerpt":{"rendered":"<p>Datenbanken &amp; Analytik Eine einheitliche, verl\u00e4\u00dfliche Datenbasis Sie verbindet auf Projektebene Lager, Baustelle und Abrechnung \u2013 mit Auswertungen in Echtzeit und l\u00fcckenloser R\u00fcckverfolgbarkeit vom Wareneingang bis zur Installation. Materialstammdaten (EAN, Charge\/Los) Standorte und Statuswerte Verkn\u00fcpfung mit Zonen, Verteilerschr\u00e4nken und Auftr\u00e4gen Versionierung und l\u00fcckenloser Revisionspfad (Protokollspur) Digitales Bautagebuch Tagesprotokolle zu Leistungen, [&hellip;]<\/p>","protected":false},"author":3,"featured_media":0,"parent":0,"menu_order":0,"comment_status":"closed","ping_status":"closed","template":"","meta":{"footnotes":""},"class_list":["post-6207","page","type-page","status-publish","hentry"],"_links":{"self":[{"href":"https:\/\/www.aprolitic.com\/eng\/wp-json\/wp\/v2\/pages\/6207","targetHints":{"allow":["GET"]}}],"collection":[{"href":"https:\/\/www.aprolitic.com\/eng\/wp-json\/wp\/v2\/pages"}],"about":[{"href":"https:\/\/www.aprolitic.com\/eng\/wp-json\/wp\/v2\/types\/page"}],"author":[{"embeddable":true,"href":"https:\/\/www.aprolitic.com\/eng\/wp-json\/wp\/v2\/users\/3"}],"replies":[{"embeddable":true,"href":"https:\/\/www.aprolitic.com\/eng\/wp-json\/wp\/v2\/comments?post=6207"}],"version-history":[{"count":10,"href":"https:\/\/www.aprolitic.com\/eng\/wp-json\/wp\/v2\/pages\/6207\/revisions"}],"predecessor-version":[{"id":6854,"href":"https:\/\/www.aprolitic.com\/eng\/wp-json\/wp\/v2\/pages\/6207\/revisions\/6854"}],"wp:attachment":[{"href":"https:\/\/www.aprolitic.com\/eng\/wp-json\/wp\/v2\/media?parent=6207"}],"curies":[{"name":"wp","href":"https:\/\/api.w.org\/{rel}","templated":true}]}}