{"id":6199,"date":"2025-10-03T16:12:16","date_gmt":"2025-10-03T16:12:16","guid":{"rendered":"https:\/\/www.aprolitic.com\/?page_id=6199"},"modified":"2026-01-23T10:10:57","modified_gmt":"2026-01-23T10:10:57","slug":"erstellung-von-aufmassen-und-2d-aufmassplaenen","status":"publish","type":"page","link":"https:\/\/www.aprolitic.com\/eng\/erstellung-von-aufmassen-und-2d-aufmassplaenen\/","title":{"rendered":"Creation of measurements and 2D measurement plans"},"content":{"rendered":"<div data-elementor-type=\"wp-page\" data-elementor-id=\"6199\" class=\"elementor elementor-6199\" data-elementor-post-type=\"page\">\n\t\t\t\t<div data-particle_enable=\"false\" data-particle-mobile-disabled=\"false\" class=\"elementor-element elementor-element-10e1e9a e-flex e-con-boxed e-con e-parent\" data-id=\"10e1e9a\" data-element_type=\"container\" data-settings=\"{&quot;mk_ext_is_sticky&quot;:&quot;false&quot;}\">\n\t\t\t\t\t<div class=\"e-con-inner\">\n\t\t\t\t<div class=\"elementor-element elementor-element-88c35d3 elementor-widget elementor-widget-heading\" data-id=\"88c35d3\" data-element_type=\"widget\" data-settings=\"{&quot;mk_ext_is_infinite&quot;:&quot;false&quot;,&quot;mk_ext_is_scrollme&quot;:&quot;false&quot;}\" data-widget_type=\"heading.default\">\n\t\t\t\t\t<h2 class=\"elementor-heading-title elementor-size-default\">Creation of measurements and 2D measurement plans<\/h2>\t\t\t\t<\/div>\n\t\t\t\t\t<\/div>\n\t\t\t\t<\/div>\n\t\t<div data-particle_enable=\"false\" data-particle-mobile-disabled=\"false\" class=\"elementor-element elementor-element-5787766 e-flex e-con-boxed e-con e-parent\" data-id=\"5787766\" data-element_type=\"container\" data-settings=\"{&quot;mk_ext_is_sticky&quot;:&quot;false&quot;}\">\n\t\t\t\t\t<div class=\"e-con-inner\">\n\t\t\t\t<div class=\"elementor-element elementor-element-d40be4d elementor-widget elementor-widget-text-editor\" data-id=\"d40be4d\" data-element_type=\"widget\" data-settings=\"{&quot;mk_ext_is_infinite&quot;:&quot;false&quot;,&quot;mk_ext_is_scrollme&quot;:&quot;false&quot;}\" data-widget_type=\"text-editor.default\">\n\t\t\t\t\t\t\t\t\t<p>Services - Our multidisciplinary team combines in-depth industry knowledge with advanced technical skills to deliver precise, efficient, and innovative solutions for every project phase. From digital planning and resource optimization to real-time monitoring and process automation, we bring the right expertise to manage complexity and ensure success. Each of our skills is grounded in experience\u2014and has been proven on some of the most challenging construction sites in Germany and the EU.<\/p>\t\t\t\t\t\t\t\t<\/div>\n\t\t\t\t\t<\/div>\n\t\t\t\t<\/div>\n\t\t<div data-particle_enable=\"false\" data-particle-mobile-disabled=\"false\" class=\"elementor-element elementor-element-4d08a1d e-flex e-con-boxed e-con e-parent\" data-id=\"4d08a1d\" data-element_type=\"container\" data-settings=\"{&quot;mk_ext_is_sticky&quot;:&quot;false&quot;}\">\n\t\t\t\t\t<div class=\"e-con-inner\">\n\t\t<div data-particle_enable=\"false\" data-particle-mobile-disabled=\"false\" class=\"elementor-element elementor-element-aa7e1e9 e-con-full e-flex e-con e-child\" data-id=\"aa7e1e9\" data-element_type=\"container\" data-settings=\"{&quot;mk_ext_is_sticky&quot;:&quot;false&quot;}\">\n\t\t\t\t<div class=\"elementor-element elementor-element-1409bba elementor-widget elementor-widget-text-editor\" data-id=\"1409bba\" data-element_type=\"widget\" data-settings=\"{&quot;mk_ext_is_infinite&quot;:&quot;false&quot;,&quot;mk_ext_is_scrollme&quot;:&quot;false&quot;}\" data-widget_type=\"text-editor.default\">\n\t\t\t\t\t\t\t\t\t<p><strong>Scope of services<\/strong><\/p><ul><li><strong>Written quantity takeoffs by BoQ\/line item (LV\/positions)<\/strong> \u2014 transparent, auditable, and aligned with VOB\/BGB.<\/li><li><strong>2D takeoff plans (floor plans, schematics, site plans)<\/strong> with clear dimensions, references, and an unambiguous legend.<\/li><li><strong>Plan vs. actual (Plan\/Ist) reconciliation<\/strong> , including timestamped photo documentation and linkage to zone\/room\/distribution board.<\/li><li><strong>Versioning &amp; audit security<\/strong> \u2014 complete change history (audit trail).<\/li><li><strong>Interfaces &amp; exports<\/strong> \u2013 PDF, Excel.<\/li><\/ul>\t\t\t\t\t\t\t\t<\/div>\n\t\t\t\t<\/div>\n\t\t<div data-particle_enable=\"false\" data-particle-mobile-disabled=\"false\" class=\"elementor-element elementor-element-8fc184c e-con-full e-flex e-con e-child\" data-id=\"8fc184c\" data-element_type=\"container\" data-settings=\"{&quot;mk_ext_is_sticky&quot;:&quot;false&quot;}\">\n\t\t\t\t<div class=\"elementor-element elementor-element-c6ad01d elementor-widget elementor-widget-text-editor\" data-id=\"c6ad01d\" data-element_type=\"widget\" data-settings=\"{&quot;mk_ext_is_infinite&quot;:&quot;false&quot;,&quot;mk_ext_is_scrollme&quot;:&quot;false&quot;}\" data-widget_type=\"text-editor.default\">\n\t\t\t\t\t\t\t\t\t<p><strong>Quality &amp; methodology<\/strong><\/p><ul><li><strong>Standardized measurement and documentation guidelines<\/strong>four-eyes principle for critical items.<\/li><li><strong>Clear marking of quantities (length \/ area \/ unit)<\/strong> directly on the plan, with numbering and cross-references.<\/li><li><strong>Clear accountability:<\/strong>, approval steps, and notifications.<\/li><li><strong>Consistent data structure<\/strong> for later reviews, change orders (Nachtr\u00e4ge), and billing.<\/li><\/ul>\t\t\t\t\t\t\t\t<\/div>\n\t\t\t\t<\/div>\n\t\t\t\t\t<\/div>\n\t\t\t\t<\/div>\n\t\t<div data-particle_enable=\"false\" data-particle-mobile-disabled=\"false\" class=\"elementor-element elementor-element-a027a2e e-con-full e-flex e-con e-parent\" data-id=\"a027a2e\" data-element_type=\"container\" data-settings=\"{&quot;mk_ext_is_sticky&quot;:&quot;false&quot;}\">\n\t\t\t\t<div class=\"elementor-element elementor-element-2db9c41 elementor-widget elementor-widget-image\" data-id=\"2db9c41\" data-element_type=\"widget\" data-settings=\"{&quot;mk_ext_is_infinite&quot;:&quot;false&quot;,&quot;mk_ext_is_scrollme&quot;:&quot;false&quot;}\" data-widget_type=\"image.default\">\n\t\t\t\t\t\t\t\t\t\t\t\t\t\t\t<img fetchpriority=\"high\" decoding=\"async\" width=\"768\" height=\"492\" src=\"https:\/\/www.aprolitic.com\/wp-content\/uploads\/2025\/10\/2D-768x492.png\" class=\"attachment-medium_large size-medium_large wp-image-6773\" alt=\"\" srcset=\"https:\/\/www.aprolitic.com\/wp-content\/uploads\/2025\/10\/2D-768x492.png 768w, https:\/\/www.aprolitic.com\/wp-content\/uploads\/2025\/10\/2D-300x192.png 300w, https:\/\/www.aprolitic.com\/wp-content\/uploads\/2025\/10\/2D-18x12.png 18w, https:\/\/www.aprolitic.com\/wp-content\/uploads\/2025\/10\/2D.png 1000w\" sizes=\"(max-width: 768px) 100vw, 768px\" title=\"\">\t\t\t\t\t\t\t\t\t\t\t\t\t\t\t<\/div>\n\t\t\t\t<\/div>\n\t\t<div data-particle_enable=\"false\" data-particle-mobile-disabled=\"false\" class=\"elementor-element elementor-element-013997a e-flex e-con-boxed e-con e-parent\" data-id=\"013997a\" data-element_type=\"container\" data-settings=\"{&quot;mk_ext_is_sticky&quot;:&quot;false&quot;}\">\n\t\t\t\t\t<div class=\"e-con-inner\">\n\t\t<div data-particle_enable=\"false\" data-particle-mobile-disabled=\"false\" class=\"elementor-element elementor-element-fd2fba3 e-con-full e-flex e-con e-child\" data-id=\"fd2fba3\" data-element_type=\"container\" data-settings=\"{&quot;mk_ext_is_sticky&quot;:&quot;false&quot;}\">\n\t\t\t\t<div class=\"elementor-element elementor-element-ffe336a elementor-widget elementor-widget-text-editor\" data-id=\"ffe336a\" data-element_type=\"widget\" data-settings=\"{&quot;mk_ext_is_infinite&quot;:&quot;false&quot;,&quot;mk_ext_is_scrollme&quot;:&quot;false&quot;}\" data-widget_type=\"text-editor.default\">\n\t\t\t\t\t\t\t\t\t<p><strong>What you get<\/strong><\/p><ul><li><strong>Faster approvals and payments<\/strong> thanks to clean, auditable packages.<\/li><li><strong>Fewer questions &amp; reductions<\/strong> due to complete evidence and clear traceability.<\/li><li><strong>Less back-and-forth<\/strong> between planning, site management, and billing.<\/li><li><strong>Transparency for all stakeholders<\/strong> \u2014 a single basis for decision-making.<\/li><\/ul>\t\t\t\t\t\t\t\t<\/div>\n\t\t\t\t<\/div>\n\t\t<div data-particle_enable=\"false\" data-particle-mobile-disabled=\"false\" class=\"elementor-element elementor-element-b33439c e-con-full e-flex e-con e-child\" data-id=\"b33439c\" data-element_type=\"container\" data-settings=\"{&quot;mk_ext_is_sticky&quot;:&quot;false&quot;}\">\n\t\t\t\t<div class=\"elementor-element elementor-element-3186807 elementor-widget elementor-widget-text-editor\" data-id=\"3186807\" data-element_type=\"widget\" data-settings=\"{&quot;mk_ext_is_infinite&quot;:&quot;false&quot;,&quot;mk_ext_is_scrollme&quot;:&quot;false&quot;}\" data-widget_type=\"text-editor.default\">\n\t\t\t\t\t\t\t\t\t<p><strong>Process<\/strong><\/p><ol><li><strong>Kick-off &amp; data intake<\/strong> (drawings, BoQ\/LV, standards)<\/li><li><strong>Plan check &amp; setup<\/strong> (legends, layers, numbering)<\/li><li><strong>Ongoing takeoff daily\/weekly<\/strong> with Plan\/Ist alignment<\/li><li><strong>Quality control &amp; approval<\/strong> (four-eyes principle, inspection report)<\/li><li><strong>Handover &amp; export<\/strong> (PDF\/Excel), optional ERP import<\/li><\/ol>\t\t\t\t\t\t\t\t<\/div>\n\t\t\t\t<\/div>\n\t\t\t\t\t<\/div>\n\t\t\t\t<\/div>\n\t\t\t\t<\/div>","protected":false},"excerpt":{"rendered":"<p>Erstellung von Aufma\u00dfen und 2D-Aufma\u00dfpl\u00e4nen Wir erfa\u00dfen Leistungen pr\u00e4zise, nachvollziehbar und pr\u00fcff\u00e4hig. Unser multidisziplin\u00e4res Team verbindet tiefes Branchenwi\u00dfen mit fortgeschrittenen technischen F\u00e4higkeiten, um in jeder Projektphase exakte, effiziente und innovative L\u00f6sungen zu liefern \u2013 von der digitalen Planung und Re\u00dfourcenoptimierung bis hin zur Proze\u00dfautomatisierung und Echtzeit-Kontrolle. Alle Methoden sind in [&hellip;]<\/p>","protected":false},"author":3,"featured_media":0,"parent":0,"menu_order":0,"comment_status":"closed","ping_status":"closed","template":"","meta":{"footnotes":""},"class_list":["post-6199","page","type-page","status-publish","hentry"],"_links":{"self":[{"href":"https:\/\/www.aprolitic.com\/eng\/wp-json\/wp\/v2\/pages\/6199","targetHints":{"allow":["GET"]}}],"collection":[{"href":"https:\/\/www.aprolitic.com\/eng\/wp-json\/wp\/v2\/pages"}],"about":[{"href":"https:\/\/www.aprolitic.com\/eng\/wp-json\/wp\/v2\/types\/page"}],"author":[{"embeddable":true,"href":"https:\/\/www.aprolitic.com\/eng\/wp-json\/wp\/v2\/users\/3"}],"replies":[{"embeddable":true,"href":"https:\/\/www.aprolitic.com\/eng\/wp-json\/wp\/v2\/comments?post=6199"}],"version-history":[{"count":44,"href":"https:\/\/www.aprolitic.com\/eng\/wp-json\/wp\/v2\/pages\/6199\/revisions"}],"predecessor-version":[{"id":7101,"href":"https:\/\/www.aprolitic.com\/eng\/wp-json\/wp\/v2\/pages\/6199\/revisions\/7101"}],"wp:attachment":[{"href":"https:\/\/www.aprolitic.com\/eng\/wp-json\/wp\/v2\/media?parent=6199"}],"curies":[{"name":"wp","href":"https:\/\/api.w.org\/{rel}","templated":true}]}}