{"id":6207,"date":"2025-10-03T16:40:15","date_gmt":"2025-10-03T16:40:15","guid":{"rendered":"https:\/\/www.aprolitic.com\/?page_id=6207"},"modified":"2025-11-13T18:56:16","modified_gmt":"2025-11-13T18:56:16","slug":"datenbanken-analytik","status":"publish","type":"page","link":"https:\/\/www.aprolitic.com\/de\/datenbanken-analytik\/","title":{"rendered":"Datenbanken &#038; Analytik"},"content":{"rendered":"\t\t<div data-elementor-type=\"wp-page\" data-elementor-id=\"6207\" class=\"elementor elementor-6207\" data-elementor-post-type=\"page\">\n\t\t\t\t<div data-particle_enable=\"false\" data-particle-mobile-disabled=\"false\" class=\"elementor-element elementor-element-10e1e9a e-flex e-con-boxed e-con e-parent\" data-id=\"10e1e9a\" data-element_type=\"container\" data-settings=\"{&quot;mk_ext_is_sticky&quot;:&quot;false&quot;}\">\n\t\t\t\t\t<div class=\"e-con-inner\">\n\t\t\t\t<div class=\"elementor-element elementor-element-88c35d3 elementor-widget elementor-widget-heading\" data-id=\"88c35d3\" data-element_type=\"widget\" data-settings=\"{&quot;mk_ext_is_infinite&quot;:&quot;false&quot;,&quot;mk_ext_is_scrollme&quot;:&quot;false&quot;}\" data-widget_type=\"heading.default\">\n\t\t\t\t\t<h2 class=\"elementor-heading-title elementor-size-default\"> Datenbanken &amp; Analytik<\/h2>\t\t\t\t<\/div>\n\t\t\t\t\t<\/div>\n\t\t\t\t<\/div>\n\t\t<div data-particle_enable=\"false\" data-particle-mobile-disabled=\"false\" class=\"elementor-element elementor-element-4d08a1d e-flex e-con-boxed e-con e-parent\" data-id=\"4d08a1d\" data-element_type=\"container\" data-settings=\"{&quot;mk_ext_is_sticky&quot;:&quot;false&quot;}\">\n\t\t\t\t\t<div class=\"e-con-inner\">\n\t\t<div data-particle_enable=\"false\" data-particle-mobile-disabled=\"false\" class=\"elementor-element elementor-element-aa7e1e9 e-con-full e-flex e-con e-child\" data-id=\"aa7e1e9\" data-element_type=\"container\" data-settings=\"{&quot;mk_ext_is_sticky&quot;:&quot;false&quot;}\">\n\t\t\t\t<div class=\"elementor-element elementor-element-1409bba elementor-widget elementor-widget-text-editor\" data-id=\"1409bba\" data-element_type=\"widget\" data-settings=\"{&quot;mk_ext_is_infinite&quot;:&quot;false&quot;,&quot;mk_ext_is_scrollme&quot;:&quot;false&quot;}\" data-widget_type=\"text-editor.default\">\n\t\t\t\t\t\t\t\t\t<p><strong>Eine einheitliche, verl\u00e4\u00dfliche Datenbasis<\/strong><\/p><p>Sie verbindet auf Projektebene Lager, Baustelle und Abrechnung \u2013 mit Auswertungen in Echtzeit und l\u00fcckenloser R\u00fcckverfolgbarkeit vom Wareneingang bis zur Installation.<\/p><ul><li>Materialstammdaten (EAN, Charge\/Los)<\/li><li>Standorte und Statuswerte<\/li><li>Verkn\u00fcpfung mit Zonen, Verteilerschr\u00e4nken und Auftr\u00e4gen<\/li><li>Versionierung und l\u00fcckenloser Revisionspfad (Protokollspur)<\/li><\/ul><p><strong>Digitales Bautagebuch<\/strong><\/p><ul><li>Tagesprotokolle zu Leistungen, Personal, Ger\u00e4ten und Verbr\u00e4uchen<\/li><li>Zeitstempel, Fotos\/Videos und Anh\u00e4nge<\/li><li>Erfa\u00dfung von Stillst\u00e4nden, \u00c4nderungen und Vorf\u00e4llen<\/li><li>Automatische \u00dcbernahme von Daten aus Datenbank und Lager<\/li><li>VOB\/BGB-konformes Format mit rechtlicher Beweiskraft \u2013 auch ohne Unterschrift der Bauaufsicht<\/li><\/ul><p><strong>Elektrospezifische Werkzeuge<\/strong><\/p><ul><li>Verteilerschr\u00e4nke und Stromkreise<\/li><li>Klemmenlisten<\/li><li>Kabeltra\u00dfen<\/li><li>Automatische L\u00e4ngen- und Reserveberechnungen<\/li><li>St\u00fccklisten und Aufma\u00dfe direkt aus der Datenbank (2D-Pl\u00e4ne + BIM-3D-Modelle)<\/li><\/ul>\t\t\t\t\t\t\t\t<\/div>\n\t\t\t\t<\/div>\n\t\t<div data-particle_enable=\"false\" data-particle-mobile-disabled=\"false\" class=\"elementor-element elementor-element-8fc184c e-con-full e-flex e-con e-child\" data-id=\"8fc184c\" data-element_type=\"container\" data-settings=\"{&quot;mk_ext_is_sticky&quot;:&quot;false&quot;}\">\n\t\t\t\t<div class=\"elementor-element elementor-element-c6ad01d elementor-widget elementor-widget-text-editor\" data-id=\"c6ad01d\" data-element_type=\"widget\" data-settings=\"{&quot;mk_ext_is_infinite&quot;:&quot;false&quot;,&quot;mk_ext_is_scrollme&quot;:&quot;false&quot;}\" data-widget_type=\"text-editor.default\">\n\t\t\t\t\t\t\t\t\t<p><strong>Digitales Lager und R\u00fcckverfolgbarkeit<\/strong><\/p><ul><li>Best\u00e4nde je Standort nachverfolgen<\/li><li>L\u00fcckenlose Nachverfolgung \u201evom Wareneingang bis zur Installation\u201c<\/li><\/ul><p><strong>Auswertung und Aufsicht<\/strong><\/p><ul><li>Plan-\/Ist-Abgleich<\/li><li>Verbr\u00e4uche je Zone\/Verteilerschrank\/Team<\/li><li>Fr\u00fchwarnungen bei Abweichungen<\/li><li>Kennzahlen\u00fcbersichten mit detaillierten Filtern<\/li><\/ul><p><strong>Sicherheit und Konformit\u00e4t<\/strong><\/p><ul><li>Rollen und Berechtigungen (Projektleiter\/Bauleiter\/Lagerist)<\/li><li>Verschl\u00fc\u00dfelung<\/li><li>Datensicherheit und DSGVO-Konformit\u00e4t<\/li><li>VOB\/BGB-konformes \u00c4nderungsprotokoll<\/li><\/ul><p><strong>Berichtswesen<\/strong><\/p><ul><li>Export nach Excel\/PDF<\/li><li>Vorlagen f\u00fcr Abrechnungen<\/li><li>F\u00fchrungstaugliche, pr\u00e4sentationsf\u00e4hige Berichte<\/li><\/ul>\t\t\t\t\t\t\t\t<\/div>\n\t\t\t\t<\/div>\n\t\t\t\t\t<\/div>\n\t\t\t\t<\/div>\n\t\t<div data-particle_enable=\"false\" data-particle-mobile-disabled=\"false\" class=\"elementor-element elementor-element-78d9aa3 e-flex e-con-boxed e-con e-parent\" data-id=\"78d9aa3\" data-element_type=\"container\" data-settings=\"{&quot;mk_ext_is_sticky&quot;:&quot;false&quot;}\">\n\t\t\t\t\t<div class=\"e-con-inner\">\n\t\t\t\t<div class=\"elementor-element elementor-element-0035883 elementor-widget elementor-widget-image\" data-id=\"0035883\" data-element_type=\"widget\" data-settings=\"{&quot;mk_ext_is_infinite&quot;:&quot;false&quot;,&quot;mk_ext_is_scrollme&quot;:&quot;false&quot;}\" data-widget_type=\"image.default\">\n\t\t\t\t\t\t\t\t\t\t\t\t\t\t\t<img fetchpriority=\"high\" decoding=\"async\" width=\"768\" height=\"492\" src=\"https:\/\/www.aprolitic.com\/wp-content\/uploads\/2025\/10\/Datenbank-768x492.png\" class=\"attachment-medium_large size-medium_large wp-image-6766\" alt=\"\" srcset=\"https:\/\/www.aprolitic.com\/wp-content\/uploads\/2025\/10\/Datenbank-768x492.png 768w, https:\/\/www.aprolitic.com\/wp-content\/uploads\/2025\/10\/Datenbank-300x192.png 300w, https:\/\/www.aprolitic.com\/wp-content\/uploads\/2025\/10\/Datenbank-18x12.png 18w, https:\/\/www.aprolitic.com\/wp-content\/uploads\/2025\/10\/Datenbank.png 1000w\" sizes=\"(max-width: 768px) 100vw, 768px\" title=\"\">\t\t\t\t\t\t\t\t\t\t\t\t\t\t\t<\/div>\n\t\t\t\t\t<\/div>\n\t\t\t\t<\/div>\n\t\t\t\t<\/div>\n\t\t","protected":false},"excerpt":{"rendered":"<p>Datenbanken &amp; Analytik Eine einheitliche, verl\u00e4\u00dfliche Datenbasis Sie verbindet auf Projektebene Lager, Baustelle und Abrechnung \u2013 mit Auswertungen in Echtzeit und l\u00fcckenloser R\u00fcckverfolgbarkeit vom Wareneingang bis zur Installation. Materialstammdaten (EAN, Charge\/Los) Standorte und Statuswerte Verkn\u00fcpfung mit Zonen, Verteilerschr\u00e4nken und Auftr\u00e4gen Versionierung und l\u00fcckenloser Revisionspfad (Protokollspur) Digitales Bautagebuch Tagesprotokolle zu Leistungen, [&hellip;]<\/p>\n","protected":false},"author":3,"featured_media":0,"parent":0,"menu_order":0,"comment_status":"closed","ping_status":"closed","template":"","meta":{"footnotes":""},"class_list":["post-6207","page","type-page","status-publish","hentry"],"_links":{"self":[{"href":"https:\/\/www.aprolitic.com\/de\/wp-json\/wp\/v2\/pages\/6207","targetHints":{"allow":["GET"]}}],"collection":[{"href":"https:\/\/www.aprolitic.com\/de\/wp-json\/wp\/v2\/pages"}],"about":[{"href":"https:\/\/www.aprolitic.com\/de\/wp-json\/wp\/v2\/types\/page"}],"author":[{"embeddable":true,"href":"https:\/\/www.aprolitic.com\/de\/wp-json\/wp\/v2\/users\/3"}],"replies":[{"embeddable":true,"href":"https:\/\/www.aprolitic.com\/de\/wp-json\/wp\/v2\/comments?post=6207"}],"version-history":[{"count":10,"href":"https:\/\/www.aprolitic.com\/de\/wp-json\/wp\/v2\/pages\/6207\/revisions"}],"predecessor-version":[{"id":6854,"href":"https:\/\/www.aprolitic.com\/de\/wp-json\/wp\/v2\/pages\/6207\/revisions\/6854"}],"wp:attachment":[{"href":"https:\/\/www.aprolitic.com\/de\/wp-json\/wp\/v2\/media?parent=6207"}],"curies":[{"name":"wp","href":"https:\/\/api.w.org\/{rel}","templated":true}]}}