{"id":6205,"date":"2025-10-03T16:15:54","date_gmt":"2025-10-03T16:15:54","guid":{"rendered":"https:\/\/www.aprolitic.com\/?page_id=6205"},"modified":"2025-11-13T19:03:54","modified_gmt":"2025-11-13T19:03:54","slug":"erstellung-von-aufmassen-und-bim-konformen-3d-aufmassemodellen","status":"publish","type":"page","link":"https:\/\/www.aprolitic.com\/de\/erstellung-von-aufmassen-und-bim-konformen-3d-aufmassemodellen\/","title":{"rendered":"Erstellung von Aufma\u00dfen und BIM-konformen 3D Aufma\u00dfemodellen"},"content":{"rendered":"\t\t<div data-elementor-type=\"wp-page\" data-elementor-id=\"6205\" class=\"elementor elementor-6205\" data-elementor-post-type=\"page\">\n\t\t\t\t<div data-particle_enable=\"false\" data-particle-mobile-disabled=\"false\" class=\"elementor-element elementor-element-10e1e9a e-flex e-con-boxed e-con e-parent\" data-id=\"10e1e9a\" data-element_type=\"container\" data-settings=\"{&quot;mk_ext_is_sticky&quot;:&quot;false&quot;}\">\n\t\t\t\t\t<div class=\"e-con-inner\">\n\t\t\t\t<div class=\"elementor-element elementor-element-88c35d3 elementor-widget elementor-widget-heading\" data-id=\"88c35d3\" data-element_type=\"widget\" data-settings=\"{&quot;mk_ext_is_infinite&quot;:&quot;false&quot;,&quot;mk_ext_is_scrollme&quot;:&quot;false&quot;}\" data-widget_type=\"heading.default\">\n\t\t\t\t\t<h2 class=\"elementor-heading-title elementor-size-default\">Erstellung von Aufma\u00dfen und BIM-konformen 3D Aufma\u00dfemodellen<\/h2>\t\t\t\t<\/div>\n\t\t\t\t\t<\/div>\n\t\t\t\t<\/div>\n\t\t<div data-particle_enable=\"false\" data-particle-mobile-disabled=\"false\" class=\"elementor-element elementor-element-5787766 e-flex e-con-boxed e-con e-parent\" data-id=\"5787766\" data-element_type=\"container\" data-settings=\"{&quot;mk_ext_is_sticky&quot;:&quot;false&quot;}\">\n\t\t\t\t\t<div class=\"e-con-inner\">\n\t\t\t\t<div class=\"elementor-element elementor-element-d40be4d elementor-widget elementor-widget-text-editor\" data-id=\"d40be4d\" data-element_type=\"widget\" data-settings=\"{&quot;mk_ext_is_infinite&quot;:&quot;false&quot;,&quot;mk_ext_is_scrollme&quot;:&quot;false&quot;}\" data-widget_type=\"text-editor.default\">\n\t\t\t\t\t\t\t\t\t<p>Unser Ansatz verbindet Baustellendaten und BIM-3D-Modelle zu einem einheitlichen, pr\u00fcff\u00e4higen Abrechnung\u00dfystem. Die t\u00e4glichen Aufma\u00dfe basieren auf verifizierten BIM-Modellen und Baustellenaufzeichnungen \u2013 mit vollst\u00e4ndiger R\u00fcckverfolgbarkeit und einem klaren Audit-Trail jeder \u00c4nderung.<\/p>\t\t\t\t\t\t\t\t<\/div>\n\t\t\t\t\t<\/div>\n\t\t\t\t<\/div>\n\t\t<div data-particle_enable=\"false\" data-particle-mobile-disabled=\"false\" class=\"elementor-element elementor-element-4d08a1d e-flex e-con-boxed e-con e-parent\" data-id=\"4d08a1d\" data-element_type=\"container\" data-settings=\"{&quot;mk_ext_is_sticky&quot;:&quot;false&quot;}\">\n\t\t\t\t\t<div class=\"e-con-inner\">\n\t\t<div data-particle_enable=\"false\" data-particle-mobile-disabled=\"false\" class=\"elementor-element elementor-element-aa7e1e9 e-con-full e-flex e-con e-child\" data-id=\"aa7e1e9\" data-element_type=\"container\" data-settings=\"{&quot;mk_ext_is_sticky&quot;:&quot;false&quot;}\">\n\t\t\t\t<div class=\"elementor-element elementor-element-1409bba elementor-widget elementor-widget-text-editor\" data-id=\"1409bba\" data-element_type=\"widget\" data-settings=\"{&quot;mk_ext_is_infinite&quot;:&quot;false&quot;,&quot;mk_ext_is_scrollme&quot;:&quot;false&quot;}\" data-widget_type=\"text-editor.default\">\n\t\t\t\t\t\t\t\t\t<ul><li><p><strong>Was Sie erhalten<\/strong><\/p><ul><li><strong>T\u00e4gliche, unstrittige Aufma\u00dfe:<\/strong> pr\u00fcff\u00e4hige und revision\u00dfichere Nachweise, bereit f\u00fcr Bauaufsicht und Auftraggeber.<\/li><li><strong>Zeitersparnis:<\/strong> deutlich weniger manuelle Eingaben, weniger Korrekturschleifen und \u201ePing-Pong\u201c-Runden.<\/li><li><strong>Schnellere Freigaben:<\/strong> standardisierte Formate und klare Nachweise verk\u00fcrzen den Weg von der Einreichung bis zur Anerkennung.<\/li><li><strong>L\u00fcckenlose R\u00fcckverfolgbarkeit:<\/strong> Verkn\u00fcpfung BIM-Modell \u2194 Zone\/Verteilerschrank \u2194 Menge \u2194 Nachweis (Foto\/Video) mit Zeitstempel.<\/li><li><strong>Baustellenpraxis-konform:<\/strong> Me\u00df- und Abrechnungsmethodik am realen Bauablauf ausgerichtet; VOB\/BGB-orientierte Dokumentation.<\/li><\/ul><\/li><\/ul>\t\t\t\t\t\t\t\t<\/div>\n\t\t\t\t<\/div>\n\t\t<div data-particle_enable=\"false\" data-particle-mobile-disabled=\"false\" class=\"elementor-element elementor-element-8fc184c e-con-full e-flex e-con e-child\" data-id=\"8fc184c\" data-element_type=\"container\" data-settings=\"{&quot;mk_ext_is_sticky&quot;:&quot;false&quot;}\">\n\t\t\t\t<div class=\"elementor-element elementor-element-c6ad01d elementor-widget elementor-widget-text-editor\" data-id=\"c6ad01d\" data-element_type=\"widget\" data-settings=\"{&quot;mk_ext_is_infinite&quot;:&quot;false&quot;,&quot;mk_ext_is_scrollme&quot;:&quot;false&quot;}\" data-widget_type=\"text-editor.default\">\n\t\t\t\t\t\t\t\t\t<ul><li><p><strong>So arbeiten wir<\/strong><\/p><ul><li><strong>Vorbereitung der Grundlagen:<\/strong> Abgleich des BIM-Modells (IFC\/BCF) mit dem Ist-Zustand (Plan\/Ist).<\/li><li><strong>T\u00e4gliche Erfa\u00dfung:<\/strong> Eingabe der erbrachten Mengen nach Position, Zone und Verteilerschrank, mit automatischer \u00dcbernahme von Artikelnummern und Ma\u00dfeinheiten.<\/li><li><strong>Nachweis-Paket:<\/strong> Foto-\/Video-Material mit Zeitstempel und Referenz zum BIM-Modell.<\/li><li><strong>Pr\u00fcfung &amp; Freigabe:<\/strong> definierte Freigabe-Workflows (wer\/was\/wann) und Benachrichtigungen in Echtzeit.<\/li><li><strong>Export &amp; Austausch:<\/strong> Berichtserstellung und Datenaustausch mit Bauaufsicht, Auftraggeber und ERP.<\/li><\/ul><\/li><\/ul>\t\t\t\t\t\t\t\t<\/div>\n\t\t\t\t<\/div>\n\t\t\t\t\t<\/div>\n\t\t\t\t<\/div>\n\t\t<div data-particle_enable=\"false\" data-particle-mobile-disabled=\"false\" class=\"elementor-element elementor-element-013997a e-flex e-con-boxed e-con e-parent\" data-id=\"013997a\" data-element_type=\"container\" data-settings=\"{&quot;mk_ext_is_sticky&quot;:&quot;false&quot;}\">\n\t\t\t\t\t<div class=\"e-con-inner\">\n\t\t<div data-particle_enable=\"false\" data-particle-mobile-disabled=\"false\" class=\"elementor-element elementor-element-fd2fba3 e-con-full e-flex e-con e-child\" data-id=\"fd2fba3\" data-element_type=\"container\" data-settings=\"{&quot;mk_ext_is_sticky&quot;:&quot;false&quot;}\">\n\t\t\t\t<div class=\"elementor-element elementor-element-ffe336a elementor-widget elementor-widget-text-editor\" data-id=\"ffe336a\" data-element_type=\"widget\" data-settings=\"{&quot;mk_ext_is_infinite&quot;:&quot;false&quot;,&quot;mk_ext_is_scrollme&quot;:&quot;false&quot;}\" data-widget_type=\"text-editor.default\">\n\t\t\t\t\t\t\t\t\t<ul><li><p><strong>Integrationen und Formate<\/strong><\/p><ul><li><strong>Exportformate:<\/strong> PDF, Excel (BOM\/Aufma\u00df), DWG, IFC, ZW1.<\/li><li><strong>Anbindungen:<\/strong> Digitales Lager (Best\u00e4nde \u2192 verbaut), Digitales Bautagebuch (Tagesleistung \u2194 Aufma\u00df), Monitoring (Fortschritt \u2194 Finanzen).<\/li><\/ul><\/li><\/ul>\t\t\t\t\t\t\t\t<\/div>\n\t\t\t\t<\/div>\n\t\t<div data-particle_enable=\"false\" data-particle-mobile-disabled=\"false\" class=\"elementor-element elementor-element-b33439c e-con-full e-flex e-con e-child\" data-id=\"b33439c\" data-element_type=\"container\" data-settings=\"{&quot;mk_ext_is_sticky&quot;:&quot;false&quot;}\">\n\t\t\t\t<div class=\"elementor-element elementor-element-3186807 elementor-widget elementor-widget-text-editor\" data-id=\"3186807\" data-element_type=\"widget\" data-settings=\"{&quot;mk_ext_is_infinite&quot;:&quot;false&quot;,&quot;mk_ext_is_scrollme&quot;:&quot;false&quot;}\" data-widget_type=\"text-editor.default\">\n\t\t\t\t\t\t\t\t\t<ul><li><p><strong>Ergebnis f\u00fcr Ihr Team<\/strong><\/p><ul><li><strong>Weniger Einw\u00e4nde und Nachkorrekturen, mehr anerkannte Mengen<\/strong> \u2013 ohne Verz\u00f6gerungen.<\/li><li><strong>Transparenz f\u00fcr alle Beteiligten<\/strong> und eine zentrale, verl\u00e4\u00dfliche Datenquelle zu Mengen, Fortschritt und Nachweisen.<\/li><li><strong>Stabilerer Cashflow<\/strong> dank schnellerer Freigaben und sauberer Abrechnungen.<\/li><\/ul><\/li><\/ul>\t\t\t\t\t\t\t\t<\/div>\n\t\t\t\t<\/div>\n\t\t\t\t\t<\/div>\n\t\t\t\t<\/div>\n\t\t<div data-particle_enable=\"false\" data-particle-mobile-disabled=\"false\" class=\"elementor-element elementor-element-4f500ff e-con-full e-flex e-con e-parent\" data-id=\"4f500ff\" data-element_type=\"container\" data-settings=\"{&quot;mk_ext_is_sticky&quot;:&quot;false&quot;}\">\n\t\t\t\t<div class=\"elementor-element elementor-element-158b4cf elementor-widget elementor-widget-image\" data-id=\"158b4cf\" data-element_type=\"widget\" data-settings=\"{&quot;mk_ext_is_infinite&quot;:&quot;false&quot;,&quot;mk_ext_is_scrollme&quot;:&quot;false&quot;}\" data-widget_type=\"image.default\">\n\t\t\t\t\t\t\t\t\t\t\t\t\t\t\t<img fetchpriority=\"high\" decoding=\"async\" width=\"1920\" height=\"1080\" src=\"https:\/\/www.aprolitic.com\/wp-content\/uploads\/2025\/10\/moni-mali.webp\" class=\"attachment-full size-full wp-image-6486\" alt=\"\" srcset=\"https:\/\/www.aprolitic.com\/wp-content\/uploads\/2025\/10\/moni-mali.webp 1920w, https:\/\/www.aprolitic.com\/wp-content\/uploads\/2025\/10\/moni-mali-300x169.webp 300w, https:\/\/www.aprolitic.com\/wp-content\/uploads\/2025\/10\/moni-mali-1024x576.webp 1024w, https:\/\/www.aprolitic.com\/wp-content\/uploads\/2025\/10\/moni-mali-768x432.webp 768w, https:\/\/www.aprolitic.com\/wp-content\/uploads\/2025\/10\/moni-mali-1536x864.webp 1536w, https:\/\/www.aprolitic.com\/wp-content\/uploads\/2025\/10\/moni-mali-18x10.webp 18w\" sizes=\"(max-width: 1920px) 100vw, 1920px\" title=\"\">\t\t\t\t\t\t\t\t\t\t\t\t\t\t\t<\/div>\n\t\t\t\t<\/div>\n\t\t\t\t<\/div>\n\t\t","protected":false},"excerpt":{"rendered":"<p>Erstellung von Aufma\u00dfen und BIM-konformen 3D Aufma\u00dfemodellen Unser Ansatz verbindet Baustellendaten und BIM-3D-Modelle zu einem einheitlichen, pr\u00fcff\u00e4higen Abrechnung\u00dfystem. Die t\u00e4glichen Aufma\u00dfe basieren auf verifizierten BIM-Modellen und Baustellenaufzeichnungen \u2013 mit vollst\u00e4ndiger R\u00fcckverfolgbarkeit und einem klaren Audit-Trail jeder \u00c4nderung. Was Sie erhalten T\u00e4gliche, unstrittige Aufma\u00dfe: pr\u00fcff\u00e4hige und revision\u00dfichere Nachweise, bereit f\u00fcr Bauaufsicht [&hellip;]<\/p>\n","protected":false},"author":3,"featured_media":0,"parent":0,"menu_order":0,"comment_status":"closed","ping_status":"closed","template":"","meta":{"footnotes":""},"class_list":["post-6205","page","type-page","status-publish","hentry"],"_links":{"self":[{"href":"https:\/\/www.aprolitic.com\/de\/wp-json\/wp\/v2\/pages\/6205","targetHints":{"allow":["GET"]}}],"collection":[{"href":"https:\/\/www.aprolitic.com\/de\/wp-json\/wp\/v2\/pages"}],"about":[{"href":"https:\/\/www.aprolitic.com\/de\/wp-json\/wp\/v2\/types\/page"}],"author":[{"embeddable":true,"href":"https:\/\/www.aprolitic.com\/de\/wp-json\/wp\/v2\/users\/3"}],"replies":[{"embeddable":true,"href":"https:\/\/www.aprolitic.com\/de\/wp-json\/wp\/v2\/comments?post=6205"}],"version-history":[{"count":32,"href":"https:\/\/www.aprolitic.com\/de\/wp-json\/wp\/v2\/pages\/6205\/revisions"}],"predecessor-version":[{"id":6851,"href":"https:\/\/www.aprolitic.com\/de\/wp-json\/wp\/v2\/pages\/6205\/revisions\/6851"}],"wp:attachment":[{"href":"https:\/\/www.aprolitic.com\/de\/wp-json\/wp\/v2\/media?parent=6205"}],"curies":[{"name":"wp","href":"https:\/\/api.w.org\/{rel}","templated":true}]}}