{"id":1253,"date":"2024-03-28T14:04:54","date_gmt":"2024-03-28T14:04:54","guid":{"rendered":"https:\/\/orbius.premiumthemes.in\/?page_id=1253"},"modified":"2025-10-16T12:26:36","modified_gmt":"2025-10-16T12:26:36","slug":"leistungen","status":"publish","type":"page","link":"https:\/\/www.aprolitic.com\/de\/leistungen\/","title":{"rendered":"Leistungen"},"content":{"rendered":"\t\t<div data-elementor-type=\"wp-page\" data-elementor-id=\"1253\" class=\"elementor elementor-1253\" data-elementor-post-type=\"page\">\n\t\t\t\t<div data-particle_enable=\"false\" data-particle-mobile-disabled=\"false\" class=\"elementor-element elementor-element-7db44eab e-con-full e-flex e-con e-parent\" data-id=\"7db44eab\" data-element_type=\"container\" id=\"digital-printing\" data-settings=\"{&quot;mk_ext_is_sticky&quot;:&quot;false&quot;}\">\n\t\t\t\t<\/div>\n\t\t<div data-particle_enable=\"false\" data-particle-mobile-disabled=\"false\" class=\"elementor-element elementor-element-1496337 e-flex e-con-boxed e-con e-parent\" data-id=\"1496337\" data-element_type=\"container\" data-settings=\"{&quot;mk_ext_is_sticky&quot;:&quot;false&quot;}\">\n\t\t\t\t\t<div class=\"e-con-inner\">\n\t\t\t\t<div class=\"elementor-element elementor-element-21963b1 elementor-widget-divider--view-line elementor-widget elementor-widget-divider\" data-id=\"21963b1\" data-element_type=\"widget\" data-settings=\"{&quot;mk_ext_is_infinite&quot;:&quot;false&quot;,&quot;mk_ext_is_scrollme&quot;:&quot;false&quot;}\" data-widget_type=\"divider.default\">\n\t\t\t\t\t\t\t<div class=\"elementor-divider\">\n\t\t\t<span class=\"elementor-divider-separator\">\n\t\t\t\t\t\t<\/span>\n\t\t<\/div>\n\t\t\t\t\t\t<\/div>\n\t\t\t\t\t<\/div>\n\t\t\t\t<\/div>\n\t\t<div data-particle_enable=\"false\" data-particle-mobile-disabled=\"false\" class=\"elementor-element elementor-element-2c67056 e-flex e-con-boxed e-con e-parent\" data-id=\"2c67056\" data-element_type=\"container\" data-settings=\"{&quot;mk_ext_is_sticky&quot;:&quot;false&quot;}\">\n\t\t\t\t\t<div class=\"e-con-inner\">\n\t\t\t\t<div class=\"elementor-element elementor-element-4ebb6d9 elementor-headline--style-highlight elementor-widget elementor-widget-animated-headline\" data-id=\"4ebb6d9\" data-element_type=\"widget\" data-settings=\"{&quot;marker&quot;:&quot;underline&quot;,&quot;highlighted_text&quot;:&quot;Anbieten&quot;,&quot;headline_style&quot;:&quot;highlight&quot;,&quot;loop&quot;:&quot;yes&quot;,&quot;highlight_animation_duration&quot;:1200,&quot;highlight_iteration_delay&quot;:8000,&quot;mk_ext_is_infinite&quot;:&quot;false&quot;,&quot;mk_ext_is_scrollme&quot;:&quot;false&quot;}\" data-widget_type=\"animated-headline.default\">\n\t\t\t\t\t\t\t<h3 class=\"elementor-headline\">\n\t\t\t\t\t<span class=\"elementor-headline-plain-text elementor-headline-text-wrapper\">Was Wir<\/span>\n\t\t\t\t<span class=\"elementor-headline-dynamic-wrapper elementor-headline-text-wrapper\">\n\t\t\t\t\t<span class=\"elementor-headline-dynamic-text elementor-headline-text-active\">Anbieten<\/span>\n\t\t\t\t<\/span>\n\t\t\t\t<\/h3>\n\t\t\t\t\t\t<\/div>\n\t\t\t\t\t<\/div>\n\t\t\t\t<\/div>\n\t\t<div data-particle_enable=\"false\" data-particle-mobile-disabled=\"false\" class=\"elementor-element elementor-element-9cdd05c e-flex e-con-boxed e-con e-parent\" data-id=\"9cdd05c\" data-element_type=\"container\" data-settings=\"{&quot;mk_ext_is_sticky&quot;:&quot;false&quot;}\">\n\t\t\t\t\t<div class=\"e-con-inner\">\n\t\t<div data-particle_enable=\"false\" data-particle-mobile-disabled=\"false\" class=\"elementor-element elementor-element-2b3bc08 e-con-full e-flex e-con e-child\" data-id=\"2b3bc08\" data-element_type=\"container\" data-settings=\"{&quot;mk_ext_is_sticky&quot;:&quot;false&quot;}\">\n\t\t\t\t<div class=\"elementor-element elementor-element-51686e6 elementor-position-top elementor-widget elementor-widget-image-box\" data-id=\"51686e6\" data-element_type=\"widget\" data-settings=\"{&quot;mk_ext_is_infinite&quot;:&quot;false&quot;,&quot;mk_ext_is_scrollme&quot;:&quot;false&quot;}\" data-widget_type=\"image-box.default\">\n\t\t\t\t\t<div class=\"elementor-image-box-wrapper\"><figure class=\"elementor-image-box-img\"><a href=\"https:\/\/www.aprolitic.com\/de\/erstellung-von-aufmassen-und-2d-aufmassplaenen\/\" tabindex=\"-1\"><img fetchpriority=\"high\" decoding=\"async\" width=\"1000\" height=\"640\" src=\"https:\/\/www.aprolitic.com\/wp-content\/uploads\/2025\/10\/2D.png\" class=\"attachment-1536x1536 size-1536x1536 wp-image-6773\" alt=\"\" title=\"\" srcset=\"https:\/\/www.aprolitic.com\/wp-content\/uploads\/2025\/10\/2D.png 1000w, https:\/\/www.aprolitic.com\/wp-content\/uploads\/2025\/10\/2D-300x192.png 300w, https:\/\/www.aprolitic.com\/wp-content\/uploads\/2025\/10\/2D-768x492.png 768w, https:\/\/www.aprolitic.com\/wp-content\/uploads\/2025\/10\/2D-18x12.png 18w\" sizes=\"(max-width: 1000px) 100vw, 1000px\" \/><\/a><\/figure><div class=\"elementor-image-box-content\"><h3 class=\"elementor-image-box-title\"><a href=\"https:\/\/www.aprolitic.com\/de\/erstellung-von-aufmassen-und-2d-aufmassplaenen\/\">Erstellung von Aufma\u00dfen und 2D-Aufma\u00dfpl\u00e4nen <\/a><\/h3><\/div><\/div>\t\t\t\t<\/div>\n\t\t\t\t<\/div>\n\t\t<div data-particle_enable=\"false\" data-particle-mobile-disabled=\"false\" class=\"elementor-element elementor-element-e378294 e-con-full e-flex e-con e-child\" data-id=\"e378294\" data-element_type=\"container\" data-settings=\"{&quot;mk_ext_is_sticky&quot;:&quot;false&quot;}\">\n\t\t\t\t<div class=\"elementor-element elementor-element-490262b elementor-position-top elementor-widget elementor-widget-image-box\" data-id=\"490262b\" data-element_type=\"widget\" data-settings=\"{&quot;mk_ext_is_infinite&quot;:&quot;false&quot;,&quot;mk_ext_is_scrollme&quot;:&quot;false&quot;}\" data-widget_type=\"image-box.default\">\n\t\t\t\t\t<div class=\"elementor-image-box-wrapper\"><figure class=\"elementor-image-box-img\"><a href=\"https:\/\/www.aprolitic.com\/de\/digitales-lager\/\" tabindex=\"-1\"><img decoding=\"async\" width=\"1000\" height=\"640\" src=\"https:\/\/www.aprolitic.com\/wp-content\/uploads\/2025\/10\/Lager.png\" class=\"attachment-1536x1536 size-1536x1536 wp-image-6775\" alt=\"Digitales Lager\" title=\"\" srcset=\"https:\/\/www.aprolitic.com\/wp-content\/uploads\/2025\/10\/Lager.png 1000w, https:\/\/www.aprolitic.com\/wp-content\/uploads\/2025\/10\/Lager-300x192.png 300w, https:\/\/www.aprolitic.com\/wp-content\/uploads\/2025\/10\/Lager-768x492.png 768w, https:\/\/www.aprolitic.com\/wp-content\/uploads\/2025\/10\/Lager-18x12.png 18w\" sizes=\"(max-width: 1000px) 100vw, 1000px\" \/><\/a><\/figure><div class=\"elementor-image-box-content\"><h3 class=\"elementor-image-box-title\"><a href=\"https:\/\/www.aprolitic.com\/de\/digitales-lager\/\">Digitales Lager<\/a><\/h3><\/div><\/div>\t\t\t\t<\/div>\n\t\t\t\t<\/div>\n\t\t\t\t\t<\/div>\n\t\t\t\t<\/div>\n\t\t<div data-particle_enable=\"false\" data-particle-mobile-disabled=\"false\" class=\"elementor-element elementor-element-c5a7529 e-flex e-con-boxed e-con e-parent\" data-id=\"c5a7529\" data-element_type=\"container\" data-settings=\"{&quot;mk_ext_is_sticky&quot;:&quot;false&quot;}\">\n\t\t\t\t\t<div class=\"e-con-inner\">\n\t\t<div data-particle_enable=\"false\" data-particle-mobile-disabled=\"false\" class=\"elementor-element elementor-element-85f9982 e-con-full e-flex e-con e-child\" data-id=\"85f9982\" data-element_type=\"container\" data-settings=\"{&quot;mk_ext_is_sticky&quot;:&quot;false&quot;}\">\n\t\t\t\t<div class=\"elementor-element elementor-element-8757289 elementor-position-top elementor-widget elementor-widget-image-box\" data-id=\"8757289\" data-element_type=\"widget\" data-settings=\"{&quot;mk_ext_is_infinite&quot;:&quot;false&quot;,&quot;mk_ext_is_scrollme&quot;:&quot;false&quot;}\" data-widget_type=\"image-box.default\">\n\t\t\t\t\t<div class=\"elementor-image-box-wrapper\"><figure class=\"elementor-image-box-img\"><a href=\"https:\/\/www.aprolitic.com\/de\/erstellung-von-aufmassen-und-2d-aufmassplaenen\/\" tabindex=\"-1\"><img decoding=\"async\" width=\"1000\" height=\"640\" src=\"https:\/\/www.aprolitic.com\/wp-content\/uploads\/2025\/10\/TriD.png\" class=\"attachment-1536x1536 size-1536x1536 wp-image-6762\" alt=\"\" title=\"\" srcset=\"https:\/\/www.aprolitic.com\/wp-content\/uploads\/2025\/10\/TriD.png 1000w, https:\/\/www.aprolitic.com\/wp-content\/uploads\/2025\/10\/TriD-300x192.png 300w, https:\/\/www.aprolitic.com\/wp-content\/uploads\/2025\/10\/TriD-768x492.png 768w, https:\/\/www.aprolitic.com\/wp-content\/uploads\/2025\/10\/TriD-18x12.png 18w\" sizes=\"(max-width: 1000px) 100vw, 1000px\" \/><\/a><\/figure><div class=\"elementor-image-box-content\"><h3 class=\"elementor-image-box-title\"><a href=\"https:\/\/www.aprolitic.com\/de\/erstellung-von-aufmassen-und-2d-aufmassplaenen\/\">Erstellung von Aufma\u00dfen und BIM-konformen 3D Aufma\u00dfemodellen <\/a><\/h3><\/div><\/div>\t\t\t\t<\/div>\n\t\t\t\t<\/div>\n\t\t<div data-particle_enable=\"false\" data-particle-mobile-disabled=\"false\" class=\"elementor-element elementor-element-1b925a3 e-con-full e-flex e-con e-child\" data-id=\"1b925a3\" data-element_type=\"container\" data-settings=\"{&quot;mk_ext_is_sticky&quot;:&quot;false&quot;}\">\n\t\t\t\t<div class=\"elementor-element elementor-element-45f9848 elementor-position-top elementor-widget elementor-widget-image-box\" data-id=\"45f9848\" data-element_type=\"widget\" data-settings=\"{&quot;mk_ext_is_infinite&quot;:&quot;false&quot;,&quot;mk_ext_is_scrollme&quot;:&quot;false&quot;}\" data-widget_type=\"image-box.default\">\n\t\t\t\t\t<div class=\"elementor-image-box-wrapper\"><figure class=\"elementor-image-box-img\"><a href=\"https:\/\/www.aprolitic.com\/de\/datenbanken-analytik\/\" tabindex=\"-1\"><img loading=\"lazy\" decoding=\"async\" width=\"1000\" height=\"640\" src=\"https:\/\/www.aprolitic.com\/wp-content\/uploads\/2025\/10\/Datenbank.png\" class=\"attachment-1536x1536 size-1536x1536 wp-image-6766\" alt=\"\" title=\"\" srcset=\"https:\/\/www.aprolitic.com\/wp-content\/uploads\/2025\/10\/Datenbank.png 1000w, https:\/\/www.aprolitic.com\/wp-content\/uploads\/2025\/10\/Datenbank-300x192.png 300w, https:\/\/www.aprolitic.com\/wp-content\/uploads\/2025\/10\/Datenbank-768x492.png 768w, https:\/\/www.aprolitic.com\/wp-content\/uploads\/2025\/10\/Datenbank-18x12.png 18w\" sizes=\"(max-width: 1000px) 100vw, 1000px\" \/><\/a><\/figure><div class=\"elementor-image-box-content\"><h3 class=\"elementor-image-box-title\"><a href=\"https:\/\/www.aprolitic.com\/de\/datenbanken-analytik\/\">Datenbanken &amp; Analytik <\/a><\/h3><\/div><\/div>\t\t\t\t<\/div>\n\t\t\t\t<\/div>\n\t\t\t\t\t<\/div>\n\t\t\t\t<\/div>\n\t\t<div data-particle_enable=\"false\" data-particle-mobile-disabled=\"false\" class=\"elementor-element elementor-element-dc90712 e-flex e-con-boxed e-con e-parent\" data-id=\"dc90712\" data-element_type=\"container\" data-settings=\"{&quot;mk_ext_is_sticky&quot;:&quot;false&quot;}\">\n\t\t\t\t\t<div class=\"e-con-inner\">\n\t\t<div data-particle_enable=\"false\" data-particle-mobile-disabled=\"false\" class=\"elementor-element elementor-element-4e8c6ad e-con-full e-flex e-con e-child\" data-id=\"4e8c6ad\" data-element_type=\"container\" data-settings=\"{&quot;mk_ext_is_sticky&quot;:&quot;false&quot;}\">\n\t\t\t\t<div class=\"elementor-element elementor-element-439abea elementor-position-top elementor-widget elementor-widget-image-box\" data-id=\"439abea\" data-element_type=\"widget\" data-settings=\"{&quot;mk_ext_is_infinite&quot;:&quot;false&quot;,&quot;mk_ext_is_scrollme&quot;:&quot;false&quot;}\" data-widget_type=\"image-box.default\">\n\t\t\t\t\t<div class=\"elementor-image-box-wrapper\"><figure class=\"elementor-image-box-img\"><a href=\"https:\/\/www.aprolitic.com\/de\/design-von-elektroplaenen-und-3d-modellen\/\" tabindex=\"-1\"><img loading=\"lazy\" decoding=\"async\" width=\"1000\" height=\"640\" src=\"https:\/\/www.aprolitic.com\/wp-content\/uploads\/2025\/10\/Elektro.png\" class=\"attachment-1536x1536 size-1536x1536 wp-image-6779\" alt=\"\" title=\"\" srcset=\"https:\/\/www.aprolitic.com\/wp-content\/uploads\/2025\/10\/Elektro.png 1000w, https:\/\/www.aprolitic.com\/wp-content\/uploads\/2025\/10\/Elektro-300x192.png 300w, https:\/\/www.aprolitic.com\/wp-content\/uploads\/2025\/10\/Elektro-768x492.png 768w, https:\/\/www.aprolitic.com\/wp-content\/uploads\/2025\/10\/Elektro-18x12.png 18w\" sizes=\"(max-width: 1000px) 100vw, 1000px\" \/><\/a><\/figure><div class=\"elementor-image-box-content\"><h3 class=\"elementor-image-box-title\"><a href=\"https:\/\/www.aprolitic.com\/de\/design-von-elektroplaenen-und-3d-modellen\/\">Design von Elektropl\u00e4nen und 3D-Modellen <\/a><\/h3><\/div><\/div>\t\t\t\t<\/div>\n\t\t\t\t<\/div>\n\t\t<div data-particle_enable=\"false\" data-particle-mobile-disabled=\"false\" class=\"elementor-element elementor-element-7fe4bab e-con-full e-flex e-con e-child\" data-id=\"7fe4bab\" data-element_type=\"container\" data-settings=\"{&quot;mk_ext_is_sticky&quot;:&quot;false&quot;}\">\n\t\t\t\t<div class=\"elementor-element elementor-element-e1f8af0 elementor-position-top elementor-widget elementor-widget-image-box\" data-id=\"e1f8af0\" data-element_type=\"widget\" data-settings=\"{&quot;mk_ext_is_infinite&quot;:&quot;false&quot;,&quot;mk_ext_is_scrollme&quot;:&quot;false&quot;}\" data-widget_type=\"image-box.default\">\n\t\t\t\t\t<div class=\"elementor-image-box-wrapper\"><figure class=\"elementor-image-box-img\"><a href=\"https:\/\/www.aprolitic.com\/de\/monitoring\" tabindex=\"-1\"><img loading=\"lazy\" decoding=\"async\" width=\"1000\" height=\"640\" src=\"https:\/\/www.aprolitic.com\/wp-content\/uploads\/2025\/10\/Monitoring-1.png\" class=\"attachment-1536x1536 size-1536x1536 wp-image-6786\" alt=\"\" title=\"\" srcset=\"https:\/\/www.aprolitic.com\/wp-content\/uploads\/2025\/10\/Monitoring-1.png 1000w, https:\/\/www.aprolitic.com\/wp-content\/uploads\/2025\/10\/Monitoring-1-300x192.png 300w, https:\/\/www.aprolitic.com\/wp-content\/uploads\/2025\/10\/Monitoring-1-768x492.png 768w, https:\/\/www.aprolitic.com\/wp-content\/uploads\/2025\/10\/Monitoring-1-18x12.png 18w\" sizes=\"(max-width: 1000px) 100vw, 1000px\" \/><\/a><\/figure><div class=\"elementor-image-box-content\"><h3 class=\"elementor-image-box-title\"><a href=\"https:\/\/www.aprolitic.com\/de\/monitoring\">Monitoring<\/a><\/h3><\/div><\/div>\t\t\t\t<\/div>\n\t\t\t\t<\/div>\n\t\t\t\t\t<\/div>\n\t\t\t\t<\/div>\n\t\t<div data-particle_enable=\"false\" data-particle-mobile-disabled=\"false\" class=\"elementor-element elementor-element-afe1d30 e-flex e-con-boxed e-con e-parent\" data-id=\"afe1d30\" data-element_type=\"container\" data-settings=\"{&quot;mk_ext_is_sticky&quot;:&quot;false&quot;}\">\n\t\t\t\t\t<div class=\"e-con-inner\">\n\t\t<div data-particle_enable=\"false\" data-particle-mobile-disabled=\"false\" class=\"elementor-element elementor-element-7b1726a e-con-full e-flex e-con e-child\" data-id=\"7b1726a\" data-element_type=\"container\" data-settings=\"{&quot;mk_ext_is_sticky&quot;:&quot;false&quot;}\">\n\t\t\t\t<div class=\"elementor-element elementor-element-4608311 elementor-position-top elementor-widget elementor-widget-image-box\" data-id=\"4608311\" data-element_type=\"widget\" data-settings=\"{&quot;mk_ext_is_infinite&quot;:&quot;false&quot;,&quot;mk_ext_is_scrollme&quot;:&quot;false&quot;}\" data-widget_type=\"image-box.default\">\n\t\t\t\t\t<div class=\"elementor-image-box-wrapper\"><figure class=\"elementor-image-box-img\"><a href=\"https:\/\/www.aprolitic.com\/de\/bautagebuch-mit-plan-bim-bezug\/\" tabindex=\"-1\"><img loading=\"lazy\" decoding=\"async\" width=\"1000\" height=\"640\" src=\"https:\/\/www.aprolitic.com\/wp-content\/uploads\/2025\/10\/BauTages-1.png\" class=\"attachment-1536x1536 size-1536x1536 wp-image-6787\" alt=\"\" title=\"\" srcset=\"https:\/\/www.aprolitic.com\/wp-content\/uploads\/2025\/10\/BauTages-1.png 1000w, https:\/\/www.aprolitic.com\/wp-content\/uploads\/2025\/10\/BauTages-1-300x192.png 300w, https:\/\/www.aprolitic.com\/wp-content\/uploads\/2025\/10\/BauTages-1-768x492.png 768w, https:\/\/www.aprolitic.com\/wp-content\/uploads\/2025\/10\/BauTages-1-18x12.png 18w\" sizes=\"(max-width: 1000px) 100vw, 1000px\" \/><\/a><\/figure><div class=\"elementor-image-box-content\"><h3 class=\"elementor-image-box-title\"><a href=\"https:\/\/www.aprolitic.com\/de\/bautagebuch-mit-plan-bim-bezug\/\">Bautagebuch mit Plan\/BIM-Bezug <\/a><\/h3><\/div><\/div>\t\t\t\t<\/div>\n\t\t\t\t<\/div>\n\t\t\t\t\t<\/div>\n\t\t\t\t<\/div>\n\t\t\t\t<\/div>\n\t\t","protected":false},"excerpt":{"rendered":"<p>Was Wir Anbieten Erstellung von Aufma\u00dfen und 2D-Aufma\u00dfpl\u00e4nen Digitales Lager Erstellung von Aufma\u00dfen und BIM-konformen 3D Aufma\u00dfemodellen Datenbanken &amp; Analytik Design von Elektropl\u00e4nen und 3D-Modellen Monitoring Bautagebuch mit Plan\/BIM-Bezug<\/p>\n","protected":false},"author":2,"featured_media":0,"parent":0,"menu_order":0,"comment_status":"closed","ping_status":"closed","template":"elementor_header_footer","meta":{"footnotes":""},"class_list":["post-1253","page","type-page","status-publish","hentry"],"_links":{"self":[{"href":"https:\/\/www.aprolitic.com\/de\/wp-json\/wp\/v2\/pages\/1253","targetHints":{"allow":["GET"]}}],"collection":[{"href":"https:\/\/www.aprolitic.com\/de\/wp-json\/wp\/v2\/pages"}],"about":[{"href":"https:\/\/www.aprolitic.com\/de\/wp-json\/wp\/v2\/types\/page"}],"author":[{"embeddable":true,"href":"https:\/\/www.aprolitic.com\/de\/wp-json\/wp\/v2\/users\/2"}],"replies":[{"embeddable":true,"href":"https:\/\/www.aprolitic.com\/de\/wp-json\/wp\/v2\/comments?post=1253"}],"version-history":[{"count":552,"href":"https:\/\/www.aprolitic.com\/de\/wp-json\/wp\/v2\/pages\/1253\/revisions"}],"predecessor-version":[{"id":6810,"href":"https:\/\/www.aprolitic.com\/de\/wp-json\/wp\/v2\/pages\/1253\/revisions\/6810"}],"wp:attachment":[{"href":"https:\/\/www.aprolitic.com\/de\/wp-json\/wp\/v2\/media?parent=1253"}],"curies":[{"name":"wp","href":"https:\/\/api.w.org\/{rel}","templated":true}]}}