{"id":6210,"date":"2025-10-03T17:20:34","date_gmt":"2025-10-03T17:20:34","guid":{"rendered":"https:\/\/www.aprolitic.com\/?page_id=6210"},"modified":"2025-10-12T17:03:42","modified_gmt":"2025-10-12T17:03:42","slug":"design-von-elektroplaenen-und-3d-modellen","status":"publish","type":"page","link":"https:\/\/www.aprolitic.com\/ba\/design-von-elektroplaenen-und-3d-modellen\/","title":{"rendered":"Dizajn elektroplanova i 3D modela"},"content":{"rendered":"<div data-elementor-type=\"wp-page\" data-elementor-id=\"6210\" class=\"elementor elementor-6210\" data-elementor-post-type=\"page\">\n\t\t\t\t<div data-particle_enable=\"false\" data-particle-mobile-disabled=\"false\" class=\"elementor-element elementor-element-10e1e9a e-flex e-con-boxed e-con e-parent\" data-id=\"10e1e9a\" data-element_type=\"container\" data-settings=\"{&quot;mk_ext_is_sticky&quot;:&quot;false&quot;}\">\n\t\t\t\t\t<div class=\"e-con-inner\">\n\t\t\t\t<div class=\"elementor-element elementor-element-88c35d3 elementor-widget elementor-widget-heading\" data-id=\"88c35d3\" data-element_type=\"widget\" data-settings=\"{&quot;mk_ext_is_infinite&quot;:&quot;false&quot;,&quot;mk_ext_is_scrollme&quot;:&quot;false&quot;}\" data-widget_type=\"heading.default\">\n\t\t\t\t\t<h2 class=\"elementor-heading-title elementor-size-default\">Dizajn elektroplanova i 3D modela<\/h2>\t\t\t\t<\/div>\n\t\t\t\t\t<\/div>\n\t\t\t\t<\/div>\n\t\t<div data-particle_enable=\"false\" data-particle-mobile-disabled=\"false\" class=\"elementor-element elementor-element-5787766 e-flex e-con-boxed e-con e-parent\" data-id=\"5787766\" data-element_type=\"container\" data-settings=\"{&quot;mk_ext_is_sticky&quot;:&quot;false&quot;}\">\n\t\t\t\t\t<div class=\"e-con-inner\">\n\t\t\t\t<div class=\"elementor-element elementor-element-d40be4d elementor-widget elementor-widget-text-editor\" data-id=\"d40be4d\" data-element_type=\"widget\" data-settings=\"{&quot;mk_ext_is_infinite&quot;:&quot;false&quot;,&quot;mk_ext_is_scrollme&quot;:&quot;false&quot;}\" data-widget_type=\"text-editor.default\">\n\t\t\t\t\t\t\t\t\t<p><strong>Planiramo, modelujemo i revidiramo elektroinstalacije za velike projekte<\/strong>Na\u0161 multidisciplinarni tim radi u AutoCAD-u, Revitu i EPLAN-u \u2013 u potpunosti u skladu sa projektnim standardima i praksom na gradili\u0161tu.<\/p>\t\t\t\t\t\t\t\t<\/div>\n\t\t\t\t\t<\/div>\n\t\t\t\t<\/div>\n\t\t<div data-particle_enable=\"false\" data-particle-mobile-disabled=\"false\" class=\"elementor-element elementor-element-4d08a1d e-flex e-con-boxed e-con e-parent\" data-id=\"4d08a1d\" data-element_type=\"container\" data-settings=\"{&quot;mk_ext_is_sticky&quot;:&quot;false&quot;}\">\n\t\t\t\t\t<div class=\"e-con-inner\">\n\t\t<div data-particle_enable=\"false\" data-particle-mobile-disabled=\"false\" class=\"elementor-element elementor-element-aa7e1e9 e-con-full e-flex e-con e-child\" data-id=\"aa7e1e9\" data-element_type=\"container\" data-settings=\"{&quot;mk_ext_is_sticky&quot;:&quot;false&quot;}\">\n\t\t\t\t<div class=\"elementor-element elementor-element-1409bba elementor-widget elementor-widget-text-editor\" data-id=\"1409bba\" data-element_type=\"widget\" data-settings=\"{&quot;mk_ext_is_infinite&quot;:&quot;false&quot;,&quot;mk_ext_is_scrollme&quot;:&quot;false&quot;}\" data-widget_type=\"text-editor.default\">\n\t\t\t\t\t\t\t\t\t<p><strong>Obim usluga<\/strong><\/p><ul><li><strong>Izrada novih 2D elektroplanova<\/strong> 2D planovi obra\u010duna (osnove, \u0161eme, situacioni planovi)<\/li><li><strong>3D\/BIM modelovanje instalacija<\/strong> i <strong>koordinacija sa drugim strukama<\/strong><\/li><li><strong>Strang \u0161eme, planovi razvodnih ormara i liste materijala<\/strong><\/li><li><strong>Revizija postoje\u0107ih planova i modela<\/strong> (uskla\u0111ivanje stanja na terenu i dokumentacije)<\/li><li><strong>Priprema tehni\u010dkih detalja<\/strong>, <strong>legendi<\/strong>, <strong>oznaka<\/strong> i <strong>izvo\u0111a\u010dke dokumentacije<\/strong><\/li><\/ul>\t\t\t\t\t\t\t\t<\/div>\n\t\t\t\t<\/div>\n\t\t<div data-particle_enable=\"false\" data-particle-mobile-disabled=\"false\" class=\"elementor-element elementor-element-8fc184c e-con-full e-flex e-con e-child\" data-id=\"8fc184c\" data-element_type=\"container\" data-settings=\"{&quot;mk_ext_is_sticky&quot;:&quot;false&quot;}\">\n\t\t\t\t<div class=\"elementor-element elementor-element-c6ad01d elementor-widget elementor-widget-text-editor\" data-id=\"c6ad01d\" data-element_type=\"widget\" data-settings=\"{&quot;mk_ext_is_infinite&quot;:&quot;false&quot;,&quot;mk_ext_is_scrollme&quot;:&quot;false&quot;}\" data-widget_type=\"text-editor.default\">\n\t\t\t\t\t\t\t\t\t<p><strong>\u0160ta dobijate<\/strong><\/p><ul><li><strong>Precizni, a\u017eurni planovi<\/strong> \u2013 spremni za izvo\u0111enje i nabavku<\/li><li><strong>BIM modeli<\/strong>koji smanjuju kolizije i ubrzavaju koordinaciju<\/li><li><strong>Potpuna sljedivost izmjena<\/strong> i <strong>upravljanje verzijama dokumentacije<\/strong><\/li><li><strong>Br\u017ee odlu\u010divanje<\/strong> zahvaljuju\u0107i jasnim setovima crte\u017ea i izvozima (<strong>PDF\/DWG\/IFC\/RFT\/ZW1<\/strong>)<\/li><\/ul>\t\t\t\t\t\t\t\t<\/div>\n\t\t\t\t<\/div>\n\t\t\t\t\t<\/div>\n\t\t\t\t<\/div>\n\t\t<div data-particle_enable=\"false\" data-particle-mobile-disabled=\"false\" class=\"elementor-element elementor-element-40c4d03 e-flex e-con-boxed e-con e-parent\" data-id=\"40c4d03\" data-element_type=\"container\" data-settings=\"{&quot;mk_ext_is_sticky&quot;:&quot;false&quot;}\">\n\t\t\t\t\t<div class=\"e-con-inner\">\n\t\t\t\t<div class=\"elementor-element elementor-element-fb616cf elementor-widget elementor-widget-image\" data-id=\"fb616cf\" data-element_type=\"widget\" data-settings=\"{&quot;mk_ext_is_infinite&quot;:&quot;false&quot;,&quot;mk_ext_is_scrollme&quot;:&quot;false&quot;}\" data-widget_type=\"image.default\">\n\t\t\t\t\t\t\t\t\t\t\t\t\t\t\t<img decoding=\"async\" src=\"https:\/\/www.aprolitic.com\/wp-content\/uploads\/2025\/10\/4M.webp\" title=\"\" alt=\"\" loading=\"lazy\">\t\t\t\t\t\t\t\t\t\t\t\t\t\t\t<\/div>\n\t\t\t\t\t<\/div>\n\t\t\t\t<\/div>\n\t\t<div data-particle_enable=\"false\" data-particle-mobile-disabled=\"false\" class=\"elementor-element elementor-element-31e3fe4 e-flex e-con-boxed e-con e-parent\" data-id=\"31e3fe4\" data-element_type=\"container\" data-settings=\"{&quot;mk_ext_is_sticky&quot;:&quot;false&quot;}\">\n\t\t\t\t\t<div class=\"e-con-inner\">\n\t\t\t\t<div class=\"elementor-element elementor-element-774ad8b elementor-widget elementor-widget-image\" data-id=\"774ad8b\" data-element_type=\"widget\" data-settings=\"{&quot;mk_ext_is_infinite&quot;:&quot;false&quot;,&quot;mk_ext_is_scrollme&quot;:&quot;false&quot;}\" data-widget_type=\"image.default\">\n\t\t\t\t\t\t\t\t\t\t\t\t\t\t\t<img fetchpriority=\"high\" decoding=\"async\" width=\"1000\" height=\"640\" src=\"https:\/\/www.aprolitic.com\/wp-content\/uploads\/2025\/10\/3d-1.png\" class=\"attachment-large size-large wp-image-6687\" alt=\"\" srcset=\"https:\/\/www.aprolitic.com\/wp-content\/uploads\/2025\/10\/3d-1.png 1000w, https:\/\/www.aprolitic.com\/wp-content\/uploads\/2025\/10\/3d-1-300x192.png 300w, https:\/\/www.aprolitic.com\/wp-content\/uploads\/2025\/10\/3d-1-768x492.png 768w\" sizes=\"(max-width: 1000px) 100vw, 1000px\" title=\"\">\t\t\t\t\t\t\t\t\t\t\t\t\t\t\t<\/div>\n\t\t\t\t\t<\/div>\n\t\t\t\t<\/div>\n\t\t\t\t<\/div>","protected":false},"excerpt":{"rendered":"<p>Design von Elektropl\u00e4nen und 3D-Modellen Wir planen, modellieren und revidieren elektrische Installationen f\u00fcr Gro\u00dfprojekte. Unser multidisziplin\u00e4res Team arbeitet in AutoCAD, Revit und EPLAN \u2013 vollst\u00e4ndig konform mit den Projektstandards und der Praxis auf der Baustelle. Leistungsumfang Erstellung neuer 2D-Elektropl\u00e4ne (Grundri\u00dfe, Schemen, Situationspl\u00e4ne) 3D\/BIM-Modellierung der Installationen und Koordination mit anderen Gewerken [&hellip;]<\/p>","protected":false},"author":3,"featured_media":0,"parent":0,"menu_order":0,"comment_status":"closed","ping_status":"closed","template":"","meta":{"footnotes":""},"class_list":["post-6210","page","type-page","status-publish","hentry"],"_links":{"self":[{"href":"https:\/\/www.aprolitic.com\/ba\/wp-json\/wp\/v2\/pages\/6210","targetHints":{"allow":["GET"]}}],"collection":[{"href":"https:\/\/www.aprolitic.com\/ba\/wp-json\/wp\/v2\/pages"}],"about":[{"href":"https:\/\/www.aprolitic.com\/ba\/wp-json\/wp\/v2\/types\/page"}],"author":[{"embeddable":true,"href":"https:\/\/www.aprolitic.com\/ba\/wp-json\/wp\/v2\/users\/3"}],"replies":[{"embeddable":true,"href":"https:\/\/www.aprolitic.com\/ba\/wp-json\/wp\/v2\/comments?post=6210"}],"version-history":[{"count":10,"href":"https:\/\/www.aprolitic.com\/ba\/wp-json\/wp\/v2\/pages\/6210\/revisions"}],"predecessor-version":[{"id":6690,"href":"https:\/\/www.aprolitic.com\/ba\/wp-json\/wp\/v2\/pages\/6210\/revisions\/6690"}],"wp:attachment":[{"href":"https:\/\/www.aprolitic.com\/ba\/wp-json\/wp\/v2\/media?parent=6210"}],"curies":[{"name":"wp","href":"https:\/\/api.w.org\/{rel}","templated":true}]}}