{"id":6207,"date":"2025-10-03T16:40:15","date_gmt":"2025-10-03T16:40:15","guid":{"rendered":"https:\/\/www.aprolitic.com\/?page_id=6207"},"modified":"2025-11-13T18:56:16","modified_gmt":"2025-11-13T18:56:16","slug":"datenbanken-analytik","status":"publish","type":"page","link":"https:\/\/www.aprolitic.com\/ba\/datenbanken-analytik\/","title":{"rendered":"Datenbanken &#038; Analytik"},"content":{"rendered":"<div data-elementor-type=\"wp-page\" data-elementor-id=\"6207\" class=\"elementor elementor-6207\" data-elementor-post-type=\"page\">\n\t\t\t\t<div data-particle_enable=\"false\" data-particle-mobile-disabled=\"false\" class=\"elementor-element elementor-element-10e1e9a e-flex e-con-boxed e-con e-parent\" data-id=\"10e1e9a\" data-element_type=\"container\" data-settings=\"{&quot;mk_ext_is_sticky&quot;:&quot;false&quot;}\">\n\t\t\t\t\t<div class=\"e-con-inner\">\n\t\t\t\t<div class=\"elementor-element elementor-element-88c35d3 elementor-widget elementor-widget-heading\" data-id=\"88c35d3\" data-element_type=\"widget\" data-settings=\"{&quot;mk_ext_is_infinite&quot;:&quot;false&quot;,&quot;mk_ext_is_scrollme&quot;:&quot;false&quot;}\" data-widget_type=\"heading.default\">\n\t\t\t\t\t<h2 class=\"elementor-heading-title elementor-size-default\"> Baze podataka i analitika<\/h2>\t\t\t\t<\/div>\n\t\t\t\t\t<\/div>\n\t\t\t\t<\/div>\n\t\t<div data-particle_enable=\"false\" data-particle-mobile-disabled=\"false\" class=\"elementor-element elementor-element-4d08a1d e-flex e-con-boxed e-con e-parent\" data-id=\"4d08a1d\" data-element_type=\"container\" data-settings=\"{&quot;mk_ext_is_sticky&quot;:&quot;false&quot;}\">\n\t\t\t\t\t<div class=\"e-con-inner\">\n\t\t<div data-particle_enable=\"false\" data-particle-mobile-disabled=\"false\" class=\"elementor-element elementor-element-aa7e1e9 e-con-full e-flex e-con e-child\" data-id=\"aa7e1e9\" data-element_type=\"container\" data-settings=\"{&quot;mk_ext_is_sticky&quot;:&quot;false&quot;}\">\n\t\t\t\t<div class=\"elementor-element elementor-element-1409bba elementor-widget elementor-widget-text-editor\" data-id=\"1409bba\" data-element_type=\"widget\" data-settings=\"{&quot;mk_ext_is_infinite&quot;:&quot;false&quot;,&quot;mk_ext_is_scrollme&quot;:&quot;false&quot;}\" data-widget_type=\"text-editor.default\">\n\t\t\t\t\t\t\t\t\t<p><strong>Jedinstvena, pouzdana baza podataka<\/strong><\/p><p>Mi povezujemo na nivou projekta skladi\u0161te, gradili\u0161te i obra\u010dun \u2013 sa izvje\u0161tajima u stvarnom vremenu i potpunim pra\u0107enjem od prijema robe do instalacije.<\/p><ul><li>Mati\u010dni podaci o materijalu (EAN, serija\/lot)<\/li><li>Lokacije i statusi<\/li><li>Povezujemo sa zonama, razdjelnim ormarima i nalozima<\/li><li>Verziranje i besprijekoran put revizije (log trail)<\/li><\/ul><p><strong>Digitalni gra\u0111evinski dnevnik<\/strong><\/p><ul><li>Dnevni izvje\u0161taji o uslugama, osoblju, opremi i potro\u0161nji<\/li><li>Vremenske oznake, fotografije\/videozapisi i prilozi<\/li><li>Zapisivanje zastoja, promjena i incidenata<\/li><li>Mi automatski preuzimamo podatke iz baze i skladi\u0161ta.<\/li><li>Mi obezbje\u0111ujemo VOB\/BGB-uskla\u0111en format sa pravnom dokaznom snagom \u2013 \u010dak i bez potpisa gra\u0111evinskog nadzora.<\/li><\/ul><p><strong>Elektri\u010dni specifi\u010dni alati<\/strong><\/p><ul><li>Razvodni ormari i strujni krugovi<\/li><li>Liste terminala<\/li><li>Trase kablova<\/li><li>Automatski prora\u010duni du\u017eine i rezervi<\/li><li>Predmjer materijala i mjere direktno iz baze podataka (2D planovi + BIM 3D modeli)<\/li><\/ul>\t\t\t\t\t\t\t\t<\/div>\n\t\t\t\t<\/div>\n\t\t<div data-particle_enable=\"false\" data-particle-mobile-disabled=\"false\" class=\"elementor-element elementor-element-8fc184c e-con-full e-flex e-con e-child\" data-id=\"8fc184c\" data-element_type=\"container\" data-settings=\"{&quot;mk_ext_is_sticky&quot;:&quot;false&quot;}\">\n\t\t\t\t<div class=\"elementor-element elementor-element-c6ad01d elementor-widget elementor-widget-text-editor\" data-id=\"c6ad01d\" data-element_type=\"widget\" data-settings=\"{&quot;mk_ext_is_infinite&quot;:&quot;false&quot;,&quot;mk_ext_is_scrollme&quot;:&quot;false&quot;}\" data-widget_type=\"text-editor.default\">\n\t\t\t\t\t\t\t\t\t<p><strong>Digitalno skladi\u0161te i sljedivost<\/strong><\/p><ul><li>Pratite inventar po lokaciji<\/li><li>Potpuno pra\u0107enje \u201eod prijema robe do instalacije\u201c<\/li><\/ul><p><strong>Evaluacija i nadzor<\/strong><\/p><ul><li>Plan\/stvarno pore\u0111enje<\/li><li>Potro\u0161nja po zoni\/ormaru\/timu<\/li><li>Rana upozorenja na odstupanja<\/li><li>Pregledi klju\u010dnih brojki s detaljnim filterima<\/li><\/ul><p><strong>Sigurnost i uskla\u0111enost<\/strong><\/p><ul><li>Uloge i ovla\u0161tenja (voditelj projekta\/voditelj gradnje\/skladi\u0161tar)<\/li><li>Enkripcija<\/li><li>Sigurnost podataka i uskla\u0111enost sa GDPR-om<\/li><li>Dnevnik promjena kompatibilan sa VOB\/BGB standardima<\/li><\/ul><p><strong>Izvje\u0161tavanje<\/strong><\/p><ul><li>Izvoz u Excel\/PDF<\/li><li>Predlo\u0161ci naplate<\/li><li>Izvje\u0161taji pogodni za rukovo\u0111enje i prezentacije<\/li><\/ul>\t\t\t\t\t\t\t\t<\/div>\n\t\t\t\t<\/div>\n\t\t\t\t\t<\/div>\n\t\t\t\t<\/div>\n\t\t<div data-particle_enable=\"false\" data-particle-mobile-disabled=\"false\" class=\"elementor-element elementor-element-78d9aa3 e-flex e-con-boxed e-con e-parent\" data-id=\"78d9aa3\" data-element_type=\"container\" data-settings=\"{&quot;mk_ext_is_sticky&quot;:&quot;false&quot;}\">\n\t\t\t\t\t<div class=\"e-con-inner\">\n\t\t\t\t<div class=\"elementor-element elementor-element-0035883 elementor-widget elementor-widget-image\" data-id=\"0035883\" data-element_type=\"widget\" data-settings=\"{&quot;mk_ext_is_infinite&quot;:&quot;false&quot;,&quot;mk_ext_is_scrollme&quot;:&quot;false&quot;}\" data-widget_type=\"image.default\">\n\t\t\t\t\t\t\t\t\t\t\t\t\t\t\t<img fetchpriority=\"high\" decoding=\"async\" width=\"768\" height=\"492\" src=\"https:\/\/www.aprolitic.com\/wp-content\/uploads\/2025\/10\/Datenbank-768x492.png\" class=\"attachment-medium_large size-medium_large wp-image-6766\" alt=\"\" srcset=\"https:\/\/www.aprolitic.com\/wp-content\/uploads\/2025\/10\/Datenbank-768x492.png 768w, https:\/\/www.aprolitic.com\/wp-content\/uploads\/2025\/10\/Datenbank-300x192.png 300w, https:\/\/www.aprolitic.com\/wp-content\/uploads\/2025\/10\/Datenbank-18x12.png 18w, https:\/\/www.aprolitic.com\/wp-content\/uploads\/2025\/10\/Datenbank.png 1000w\" sizes=\"(max-width: 768px) 100vw, 768px\" title=\"\">\t\t\t\t\t\t\t\t\t\t\t\t\t\t\t<\/div>\n\t\t\t\t\t<\/div>\n\t\t\t\t<\/div>\n\t\t\t\t<\/div>","protected":false},"excerpt":{"rendered":"<p>Datenbanken &amp; Analytik Eine einheitliche, verl\u00e4\u00dfliche Datenbasis Sie verbindet auf Projektebene Lager, Baustelle und Abrechnung \u2013 mit Auswertungen in Echtzeit und l\u00fcckenloser R\u00fcckverfolgbarkeit vom Wareneingang bis zur Installation. Materialstammdaten (EAN, Charge\/Los) Standorte und Statuswerte Verkn\u00fcpfung mit Zonen, Verteilerschr\u00e4nken und Auftr\u00e4gen Versionierung und l\u00fcckenloser Revisionspfad (Protokollspur) Digitales Bautagebuch Tagesprotokolle zu Leistungen, [&hellip;]<\/p>","protected":false},"author":3,"featured_media":0,"parent":0,"menu_order":0,"comment_status":"closed","ping_status":"closed","template":"","meta":{"footnotes":""},"class_list":["post-6207","page","type-page","status-publish","hentry"],"_links":{"self":[{"href":"https:\/\/www.aprolitic.com\/ba\/wp-json\/wp\/v2\/pages\/6207","targetHints":{"allow":["GET"]}}],"collection":[{"href":"https:\/\/www.aprolitic.com\/ba\/wp-json\/wp\/v2\/pages"}],"about":[{"href":"https:\/\/www.aprolitic.com\/ba\/wp-json\/wp\/v2\/types\/page"}],"author":[{"embeddable":true,"href":"https:\/\/www.aprolitic.com\/ba\/wp-json\/wp\/v2\/users\/3"}],"replies":[{"embeddable":true,"href":"https:\/\/www.aprolitic.com\/ba\/wp-json\/wp\/v2\/comments?post=6207"}],"version-history":[{"count":10,"href":"https:\/\/www.aprolitic.com\/ba\/wp-json\/wp\/v2\/pages\/6207\/revisions"}],"predecessor-version":[{"id":6854,"href":"https:\/\/www.aprolitic.com\/ba\/wp-json\/wp\/v2\/pages\/6207\/revisions\/6854"}],"wp:attachment":[{"href":"https:\/\/www.aprolitic.com\/ba\/wp-json\/wp\/v2\/media?parent=6207"}],"curies":[{"name":"wp","href":"https:\/\/api.w.org\/{rel}","templated":true}]}}