{"id":6206,"date":"2025-10-03T16:23:12","date_gmt":"2025-10-03T16:23:12","guid":{"rendered":"https:\/\/www.aprolitic.com\/?page_id=6206"},"modified":"2025-11-18T13:31:10","modified_gmt":"2025-11-18T13:31:10","slug":"digitales-lager","status":"publish","type":"page","link":"https:\/\/www.aprolitic.com\/ba\/digitales-lager\/","title":{"rendered":"Digitalni magacin"},"content":{"rendered":"<div data-elementor-type=\"wp-page\" data-elementor-id=\"6206\" class=\"elementor elementor-6206\" data-elementor-post-type=\"page\">\n\t\t\t\t<div data-particle_enable=\"false\" data-particle-mobile-disabled=\"false\" class=\"elementor-element elementor-element-10e1e9a e-flex e-con-boxed e-con e-parent\" data-id=\"10e1e9a\" data-element_type=\"container\" data-settings=\"{&quot;mk_ext_is_sticky&quot;:&quot;false&quot;}\">\n\t\t\t\t\t<div class=\"e-con-inner\">\n\t\t\t\t<div class=\"elementor-element elementor-element-88c35d3 elementor-widget elementor-widget-heading\" data-id=\"88c35d3\" data-element_type=\"widget\" data-settings=\"{&quot;mk_ext_is_infinite&quot;:&quot;false&quot;,&quot;mk_ext_is_scrollme&quot;:&quot;false&quot;}\" data-widget_type=\"heading.default\">\n\t\t\t\t\t<h2 class=\"elementor-heading-title elementor-size-default\">Digitalni magacin<\/h2>\t\t\t\t<\/div>\n\t\t\t\t\t<\/div>\n\t\t\t\t<\/div>\n\t\t<div data-particle_enable=\"false\" data-particle-mobile-disabled=\"false\" class=\"elementor-element elementor-element-5787766 e-flex e-con-boxed e-con e-parent\" data-id=\"5787766\" data-element_type=\"container\" data-settings=\"{&quot;mk_ext_is_sticky&quot;:&quot;false&quot;}\">\n\t\t\t\t\t<div class=\"e-con-inner\">\n\t\t\t\t<div class=\"elementor-element elementor-element-d40be4d elementor-widget elementor-widget-text-editor\" data-id=\"d40be4d\" data-element_type=\"widget\" data-settings=\"{&quot;mk_ext_is_infinite&quot;:&quot;false&quot;,&quot;mk_ext_is_scrollme&quot;:&quot;false&quot;}\" data-widget_type=\"text-editor.default\">\n\t\t\t\t\t\t\t\t\t<p>Centralizovano evidentiranje materijala, alata i opreme \u2013 u realnom vremenu, bez duplih unosa i bez gubitaka.<br \/>Apolitic digitalno skladi\u0161te povezuje prijem robe, skladi\u0161tenje, izdavanje, me\u0111uskladi\u0161tenje i instalaciju u besprijekoran tok podataka. Sve se mo\u017ee besprijekorno pratiti od prijema robe do instalacije, s jasnim dnevnikom promjena (revizijskim tragom) za svako prilago\u0111avanje.<\/p>\t\t\t\t\t\t\t\t<\/div>\n\t\t\t\t\t<\/div>\n\t\t\t\t<\/div>\n\t\t<div data-particle_enable=\"false\" data-particle-mobile-disabled=\"false\" class=\"elementor-element elementor-element-4d08a1d e-flex e-con-boxed e-con e-parent\" data-id=\"4d08a1d\" data-element_type=\"container\" data-settings=\"{&quot;mk_ext_is_sticky&quot;:&quot;false&quot;}\">\n\t\t\t\t\t<div class=\"e-con-inner\">\n\t\t<div data-particle_enable=\"false\" data-particle-mobile-disabled=\"false\" class=\"elementor-element elementor-element-aa7e1e9 e-con-full e-flex e-con e-child\" data-id=\"aa7e1e9\" data-element_type=\"container\" data-settings=\"{&quot;mk_ext_is_sticky&quot;:&quot;false&quot;}\">\n\t\t\t\t<div class=\"elementor-element elementor-element-1409bba elementor-widget elementor-widget-text-editor\" data-id=\"1409bba\" data-element_type=\"widget\" data-settings=\"{&quot;mk_ext_is_infinite&quot;:&quot;false&quot;,&quot;mk_ext_is_scrollme&quot;:&quot;false&quot;}\" data-widget_type=\"text-editor.default\">\n\t\t\t\t\t\t\t\t\t<ul><li><p><strong>Klju\u010dne koristi<\/strong><\/p><ul><li><strong>Znatno manje gubitaka:<\/strong> obavezne digitalne primopredaje, jasna odgovornost po osobi\/timu.<\/li><li><strong>Br\u017ee izdavanje i povrat materijala:<\/strong> manje \u010dekanja, manje prekida rada, manje \u201enestalih\u201c stavki.<\/li><li><strong>Transparentnost u svakom trenutku:<\/strong> stanje zaliha po lokaciji\/zoni\/razvodnom ormaru; ko je \u0161ta preuzeo i kada.<\/li><li><strong>Optimizacija nabavke:<\/strong> min\/max pragovi, automatska obavje\u0161tenja i planiranje dopuna.<\/li><li><strong>Smanjenje otpisa i vi\u0161kova:<\/strong> kontrolirani povrat, evidentiranje ostataka kablova i otpada.<\/li><\/ul><\/li><\/ul>\t\t\t\t\t\t\t\t<\/div>\n\t\t\t\t<\/div>\n\t\t<div data-particle_enable=\"false\" data-particle-mobile-disabled=\"false\" class=\"elementor-element elementor-element-8fc184c e-con-full e-flex e-con e-child\" data-id=\"8fc184c\" data-element_type=\"container\" data-settings=\"{&quot;mk_ext_is_sticky&quot;:&quot;false&quot;}\">\n\t\t\t\t<div class=\"elementor-element elementor-element-c6ad01d elementor-widget elementor-widget-text-editor\" data-id=\"c6ad01d\" data-element_type=\"widget\" data-settings=\"{&quot;mk_ext_is_infinite&quot;:&quot;false&quot;,&quot;mk_ext_is_scrollme&quot;:&quot;false&quot;}\" data-widget_type=\"text-editor.default\">\n\t\t\t\t\t\t\t\t\t<ul><li><p><strong>Kako radi (kraj-do-kraja)<\/strong><\/p><ul><li><strong>Prijem<\/strong> Zapisivanje serije\/lota, koli\u010dine i lokacije.<\/li><li><strong>Skladi\u0161tenje<\/strong> \u2013 raspored po lokacijama i me\u0111umagacinima, jasno mapiranje.<\/li><li><strong>Izdavanje<\/strong> \u2013 po nalogu\/zoni\/ormaru\/timu; automatske \u201epick\u201c liste i digitalne primopredaje.<\/li><li><strong>Ugradnja \/ Povrat<\/strong> \u2013 Obra\u010dun utro\u0161enih materijala, povrat dijelova za vi\u0161ekratnu upotrebu, evidentiranje otpada.<\/li><li><strong>Inventura<\/strong> \u2013 brza provjera stanja skeniranjem; razlika plan\/realno na jedan klik.<\/li><\/ul><\/li><\/ul>\t\t\t\t\t\t\t\t<\/div>\n\t\t\t\t<\/div>\n\t\t\t\t\t<\/div>\n\t\t\t\t<\/div>\n\t\t<div data-particle_enable=\"false\" data-particle-mobile-disabled=\"false\" class=\"elementor-element elementor-element-5d6af5f e-flex e-con-boxed e-con e-parent\" data-id=\"5d6af5f\" data-element_type=\"container\" data-settings=\"{&quot;mk_ext_is_sticky&quot;:&quot;false&quot;}\">\n\t\t\t\t\t<div class=\"e-con-inner\">\n\t\t<div data-particle_enable=\"false\" data-particle-mobile-disabled=\"false\" class=\"elementor-element elementor-element-1bad177 e-con-full e-flex e-con e-child\" data-id=\"1bad177\" data-element_type=\"container\" data-settings=\"{&quot;mk_ext_is_sticky&quot;:&quot;false&quot;}\">\n\t\t<div data-particle_enable=\"false\" data-particle-mobile-disabled=\"false\" class=\"elementor-element elementor-element-2093627 e-con-full e-flex e-con e-child\" data-id=\"2093627\" data-element_type=\"container\" data-settings=\"{&quot;mk_ext_is_sticky&quot;:&quot;false&quot;}\">\n\t\t\t\t<div class=\"elementor-element elementor-element-9353260 elementor-widget elementor-widget-video\" data-id=\"9353260\" data-element_type=\"widget\" data-settings=\"{&quot;video_type&quot;:&quot;vimeo&quot;,&quot;autoplay&quot;:&quot;yes&quot;,&quot;play_on_mobile&quot;:&quot;yes&quot;,&quot;mute&quot;:&quot;yes&quot;,&quot;mk_ext_is_infinite&quot;:&quot;false&quot;,&quot;mk_ext_is_scrollme&quot;:&quot;false&quot;}\" data-widget_type=\"video.default\">\n\t\t\t\t\t\t\t<div class=\"elementor-wrapper elementor-open-inline\">\n\t\t\t<iframe class=\"elementor-video-iframe\" allowfullscreen allow=\"autoplay\" title=\"vimeo Video Player\" src=\"https:\/\/player.vimeo.com\/video\/1120729522?autoplay=1&amp;playsinline=1&amp;color&amp;autopause=0&amp;loop=0&amp;muted=1&amp;title=1&amp;portrait=1&amp;byline=1#t=\"><\/iframe>\t\t<\/div>\n\t\t\t\t\t\t<\/div>\n\t\t\t\t<\/div>\n\t\t<div data-particle_enable=\"false\" data-particle-mobile-disabled=\"false\" class=\"elementor-element elementor-element-e074e7e e-con-full e-flex e-con e-child\" data-id=\"e074e7e\" data-element_type=\"container\" data-settings=\"{&quot;mk_ext_is_sticky&quot;:&quot;false&quot;}\">\n\t\t\t\t<div class=\"elementor-element elementor-element-1654a51 elementor-widget elementor-widget-video\" data-id=\"1654a51\" data-element_type=\"widget\" data-settings=\"{&quot;video_type&quot;:&quot;vimeo&quot;,&quot;autoplay&quot;:&quot;yes&quot;,&quot;play_on_mobile&quot;:&quot;yes&quot;,&quot;mute&quot;:&quot;yes&quot;,&quot;mk_ext_is_infinite&quot;:&quot;false&quot;,&quot;mk_ext_is_scrollme&quot;:&quot;false&quot;}\" data-widget_type=\"video.default\">\n\t\t\t\t\t\t\t<div class=\"elementor-wrapper elementor-open-inline\">\n\t\t\t<iframe class=\"elementor-video-iframe\" allowfullscreen allow=\"autoplay\" title=\"vimeo Video Player\" src=\"https:\/\/player.vimeo.com\/video\/1120728611?autoplay=1&amp;playsinline=1&amp;color&amp;autopause=0&amp;loop=0&amp;muted=1&amp;title=1&amp;portrait=1&amp;byline=1#t=\"><\/iframe>\t\t<\/div>\n\t\t\t\t\t\t<\/div>\n\t\t\t\t<\/div>\n\t\t\t\t<\/div>\n\t\t\t\t\t<\/div>\n\t\t\t\t<\/div>\n\t\t<div data-particle_enable=\"false\" data-particle-mobile-disabled=\"false\" class=\"elementor-element elementor-element-013997a e-flex e-con-boxed e-con e-parent\" data-id=\"013997a\" data-element_type=\"container\" data-settings=\"{&quot;mk_ext_is_sticky&quot;:&quot;false&quot;}\">\n\t\t\t\t\t<div class=\"e-con-inner\">\n\t\t<div data-particle_enable=\"false\" data-particle-mobile-disabled=\"false\" class=\"elementor-element elementor-element-fd2fba3 e-con-full e-flex e-con e-child\" data-id=\"fd2fba3\" data-element_type=\"container\" data-settings=\"{&quot;mk_ext_is_sticky&quot;:&quot;false&quot;}\">\n\t\t\t\t<div class=\"elementor-element elementor-element-ffe336a elementor-widget elementor-widget-text-editor\" data-id=\"ffe336a\" data-element_type=\"widget\" data-settings=\"{&quot;mk_ext_is_infinite&quot;:&quot;false&quot;,&quot;mk_ext_is_scrollme&quot;:&quot;false&quot;}\" data-widget_type=\"text-editor.default\">\n\t\t\t\t\t\t\t\t\t<ul><li><p><strong>Funkcionalnosti<\/strong><\/p><ul><li><strong>Materijalni master podaci:<\/strong> EAN, serija\/lot, rokovi, zamjenski artikli, jedinice mjere.<\/li><li><strong>Me\u0111umagacin i transferi:<\/strong> kontrolisana interna kretanja sa kompletnim tragom.<\/li><li><strong>\u201eKabelrest\u201c i otpad:<\/strong> precizan, provjerljiv zapis.<\/li><li><strong>Uloge i prava:<\/strong> magacioner, Bauleiter, projektni menad\u017eer \u2013 svako vidi i radi ono \u0161to treba.<\/li><li><strong>Offline rad:<\/strong> Lokalno snimanje na licu mjesta, sigurna sinhronizacija nakon ponovnog uspostavljanja veze.<\/li><\/ul><\/li><\/ul>\t\t\t\t\t\t\t\t<\/div>\n\t\t\t\t<\/div>\n\t\t<div data-particle_enable=\"false\" data-particle-mobile-disabled=\"false\" class=\"elementor-element elementor-element-b33439c e-con-full e-flex e-con e-child\" data-id=\"b33439c\" data-element_type=\"container\" data-settings=\"{&quot;mk_ext_is_sticky&quot;:&quot;false&quot;}\">\n\t\t\t\t<div class=\"elementor-element elementor-element-3186807 elementor-widget elementor-widget-text-editor\" data-id=\"3186807\" data-element_type=\"widget\" data-settings=\"{&quot;mk_ext_is_infinite&quot;:&quot;false&quot;,&quot;mk_ext_is_scrollme&quot;:&quot;false&quot;}\" data-widget_type=\"text-editor.default\">\n\t\t\t\t\t\t\t\t\t<ul><li><p><strong>Izvje\u0161taji i integracije<\/strong><\/p><ul><li><strong>Izvoz u Excel (kao standard)<\/strong> kao i <strong>PDF izvje\u0161taji<\/strong>spremni za slanje nadzoru\/investitoru.<\/li><li><strong>U\u017eivo<\/strong> se prati stanje svakog materijala u web-aplikaciji.<\/li><\/ul><\/li><\/ul>\t\t\t\t\t\t\t\t<\/div>\n\t\t\t\t<\/div>\n\t\t\t\t\t<\/div>\n\t\t\t\t<\/div>\n\t\t<div data-particle_enable=\"false\" data-particle-mobile-disabled=\"false\" class=\"elementor-element elementor-element-8cba4cf e-flex e-con-boxed e-con e-parent\" data-id=\"8cba4cf\" data-element_type=\"container\" data-settings=\"{&quot;mk_ext_is_sticky&quot;:&quot;false&quot;}\">\n\t\t\t\t\t<div class=\"e-con-inner\">\n\t\t\t\t<div class=\"elementor-element elementor-element-bd3cfb5 elementor-widget elementor-widget-image\" data-id=\"bd3cfb5\" data-element_type=\"widget\" data-settings=\"{&quot;mk_ext_is_infinite&quot;:&quot;false&quot;,&quot;mk_ext_is_scrollme&quot;:&quot;false&quot;}\" data-widget_type=\"image.default\">\n\t\t\t\t\t\t\t\t\t\t\t\t\t\t\t<img fetchpriority=\"high\" decoding=\"async\" width=\"1000\" height=\"640\" src=\"https:\/\/www.aprolitic.com\/wp-content\/uploads\/2025\/10\/Lager.png\" class=\"attachment-full size-full wp-image-6775\" alt=\"Digitales Lager\" srcset=\"https:\/\/www.aprolitic.com\/wp-content\/uploads\/2025\/10\/Lager.png 1000w, https:\/\/www.aprolitic.com\/wp-content\/uploads\/2025\/10\/Lager-300x192.png 300w, https:\/\/www.aprolitic.com\/wp-content\/uploads\/2025\/10\/Lager-768x492.png 768w, https:\/\/www.aprolitic.com\/wp-content\/uploads\/2025\/10\/Lager-18x12.png 18w\" sizes=\"(max-width: 1000px) 100vw, 1000px\" title=\"\">\t\t\t\t\t\t\t\t\t\t\t\t\t\t\t<\/div>\n\t\t\t\t\t<\/div>\n\t\t\t\t<\/div>\n\t\t\t\t<\/div>","protected":false},"excerpt":{"rendered":"<p>Digitales Lager Zentralisierte Erfa\u00dfung von Material, Werkzeugen und Ausr\u00fcstung \u2013 in Echtzeit, ohne doppelte Eingaben und ohne Verluste.Das Aprolitic Digitale Lager verbindet Wareneingang, Einlagerung, Ausgabe, Zwischenlager und Einbau zu einem durchg\u00e4ngigen Datenflu\u00df. Alles ist l\u00fcckenlos nachverfolgbar \u201evom Wareneingang bis zur Installation\u201c, mit einem klaren \u00c4nderungsprotokoll (Audit-Trail) f\u00fcr jede Anpa\u00dfung. Zentrale [&hellip;]<\/p>","protected":false},"author":3,"featured_media":0,"parent":0,"menu_order":0,"comment_status":"closed","ping_status":"closed","template":"","meta":{"footnotes":""},"class_list":["post-6206","page","type-page","status-publish","hentry"],"_links":{"self":[{"href":"https:\/\/www.aprolitic.com\/ba\/wp-json\/wp\/v2\/pages\/6206","targetHints":{"allow":["GET"]}}],"collection":[{"href":"https:\/\/www.aprolitic.com\/ba\/wp-json\/wp\/v2\/pages"}],"about":[{"href":"https:\/\/www.aprolitic.com\/ba\/wp-json\/wp\/v2\/types\/page"}],"author":[{"embeddable":true,"href":"https:\/\/www.aprolitic.com\/ba\/wp-json\/wp\/v2\/users\/3"}],"replies":[{"embeddable":true,"href":"https:\/\/www.aprolitic.com\/ba\/wp-json\/wp\/v2\/comments?post=6206"}],"version-history":[{"count":37,"href":"https:\/\/www.aprolitic.com\/ba\/wp-json\/wp\/v2\/pages\/6206\/revisions"}],"predecessor-version":[{"id":7006,"href":"https:\/\/www.aprolitic.com\/ba\/wp-json\/wp\/v2\/pages\/6206\/revisions\/7006"}],"wp:attachment":[{"href":"https:\/\/www.aprolitic.com\/ba\/wp-json\/wp\/v2\/media?parent=6206"}],"curies":[{"name":"wp","href":"https:\/\/api.w.org\/{rel}","templated":true}]}}