{"id":6205,"date":"2025-10-03T16:15:54","date_gmt":"2025-10-03T16:15:54","guid":{"rendered":"https:\/\/www.aprolitic.com\/?page_id=6205"},"modified":"2025-11-13T19:03:54","modified_gmt":"2025-11-13T19:03:54","slug":"erstellung-von-aufmassen-und-bim-konformen-3d-aufmassemodellen","status":"publish","type":"page","link":"https:\/\/www.aprolitic.com\/ba\/erstellung-von-aufmassen-und-bim-konformen-3d-aufmassemodellen\/","title":{"rendered":"Kreiranje mjerenja i BIM-kompatibilnih 3D modela mjerenja"},"content":{"rendered":"<div data-elementor-type=\"wp-page\" data-elementor-id=\"6205\" class=\"elementor elementor-6205\" data-elementor-post-type=\"page\">\n\t\t\t\t<div data-particle_enable=\"false\" data-particle-mobile-disabled=\"false\" class=\"elementor-element elementor-element-10e1e9a e-flex e-con-boxed e-con e-parent\" data-id=\"10e1e9a\" data-element_type=\"container\" data-settings=\"{&quot;mk_ext_is_sticky&quot;:&quot;false&quot;}\">\n\t\t\t\t\t<div class=\"e-con-inner\">\n\t\t\t\t<div class=\"elementor-element elementor-element-88c35d3 elementor-widget elementor-widget-heading\" data-id=\"88c35d3\" data-element_type=\"widget\" data-settings=\"{&quot;mk_ext_is_infinite&quot;:&quot;false&quot;,&quot;mk_ext_is_scrollme&quot;:&quot;false&quot;}\" data-widget_type=\"heading.default\">\n\t\t\t\t\t<h2 class=\"elementor-heading-title elementor-size-default\">Kreiranje mjerenja i BIM-kompatibilnih 3D modela mjerenja<\/h2>\t\t\t\t<\/div>\n\t\t\t\t\t<\/div>\n\t\t\t\t<\/div>\n\t\t<div data-particle_enable=\"false\" data-particle-mobile-disabled=\"false\" class=\"elementor-element elementor-element-5787766 e-flex e-con-boxed e-con e-parent\" data-id=\"5787766\" data-element_type=\"container\" data-settings=\"{&quot;mk_ext_is_sticky&quot;:&quot;false&quot;}\">\n\t\t\t\t\t<div class=\"e-con-inner\">\n\t\t\t\t<div class=\"elementor-element elementor-element-d40be4d elementor-widget elementor-widget-text-editor\" data-id=\"d40be4d\" data-element_type=\"widget\" data-settings=\"{&quot;mk_ext_is_infinite&quot;:&quot;false&quot;,&quot;mk_ext_is_scrollme&quot;:&quot;false&quot;}\" data-widget_type=\"text-editor.default\">\n\t\t\t\t\t\t\t\t\t<p>Na\u0161 pristup kombinuje podatke sa gradili\u0161ta i BIM 3D modele u jedinstven, revidiran sistem naplate. Dnevna mjerenja se zasnivaju na verifikovanim BIM modelima i evidencijama sa gradili\u0161ta \u2013 sa potpunom sljedivo\u0161\u0107u i jasnim revizorskim tragom svake promjene.<\/p>\t\t\t\t\t\t\t\t<\/div>\n\t\t\t\t\t<\/div>\n\t\t\t\t<\/div>\n\t\t<div data-particle_enable=\"false\" data-particle-mobile-disabled=\"false\" class=\"elementor-element elementor-element-4d08a1d e-flex e-con-boxed e-con e-parent\" data-id=\"4d08a1d\" data-element_type=\"container\" data-settings=\"{&quot;mk_ext_is_sticky&quot;:&quot;false&quot;}\">\n\t\t\t\t\t<div class=\"e-con-inner\">\n\t\t<div data-particle_enable=\"false\" data-particle-mobile-disabled=\"false\" class=\"elementor-element elementor-element-aa7e1e9 e-con-full e-flex e-con e-child\" data-id=\"aa7e1e9\" data-element_type=\"container\" data-settings=\"{&quot;mk_ext_is_sticky&quot;:&quot;false&quot;}\">\n\t\t\t\t<div class=\"elementor-element elementor-element-1409bba elementor-widget elementor-widget-text-editor\" data-id=\"1409bba\" data-element_type=\"widget\" data-settings=\"{&quot;mk_ext_is_infinite&quot;:&quot;false&quot;,&quot;mk_ext_is_scrollme&quot;:&quot;false&quot;}\" data-widget_type=\"text-editor.default\">\n\t\t\t\t\t\t\t\t\t<ul><li><p><strong>\u0160ta dobijate<\/strong><\/p><ul><li><strong>Dnevne, nesporne obra\u010dune (Aufma\u00df):<\/strong> Provjerljivi i revizorski dokazi, spremni za nadzor gradnje i klijente.<\/li><li><strong>U\u0161teda vremena:<\/strong> znatno manje manuelnog unosa, manje korekcija i \u201eping-pong\u201c krugova.<\/li><li><strong>Br\u017ea odobrenja:<\/strong> standardizovani formati i jasni dokazi skra\u0107uju put od predaje do priznanja.<\/li><li><strong>Besprekidna sljedivost:<\/strong> veza BIM model \u2194 zona\/razvodni ormar \u2194 koli\u010dina \u2194 dokaz (foto\/video) sa vremenskim \u017eigom.<\/li><li><strong>Uskla\u0111enost sa praksom gradili\u0161ta:<\/strong> Metode mjerenja i obra\u010duna uskla\u0111ene sa stvarnim procesom izgradnje; dokumentacija zasnovana na VOB\/BGB.<\/li><\/ul><\/li><\/ul>\t\t\t\t\t\t\t\t<\/div>\n\t\t\t\t<\/div>\n\t\t<div data-particle_enable=\"false\" data-particle-mobile-disabled=\"false\" class=\"elementor-element elementor-element-8fc184c e-con-full e-flex e-con e-child\" data-id=\"8fc184c\" data-element_type=\"container\" data-settings=\"{&quot;mk_ext_is_sticky&quot;:&quot;false&quot;}\">\n\t\t\t\t<div class=\"elementor-element elementor-element-c6ad01d elementor-widget elementor-widget-text-editor\" data-id=\"c6ad01d\" data-element_type=\"widget\" data-settings=\"{&quot;mk_ext_is_infinite&quot;:&quot;false&quot;,&quot;mk_ext_is_scrollme&quot;:&quot;false&quot;}\" data-widget_type=\"text-editor.default\">\n\t\t\t\t\t\t\t\t\t<ul><li><p><strong>Kako radimo<\/strong><\/p><ul><li><strong>Priprema podloga:<\/strong> uskla\u0111ivanje BIM modela (IFC\/BCF) sa stvarnim stanjem (Plan\/Ist).<\/li><li><strong>Dnevno snimanje:<\/strong> unos ostvarenih koli\u010dina po stavkama, zoni i ormaru, uz automatsko povla\u010denje \u0161ifara i jedinica mjere.<\/li><li><strong>Dokazni paket:<\/strong> foto\/video materijal sa vremenskim \u017eigom i referencom na BIM model.<\/li><li><strong>Kontrola i odobravanje:<\/strong> definisani tokovi odobravanja (ko\/\u0161ta\/kada) i obavje\u0161tenja u realnom vremenu.<\/li><li><strong>Izvoz i razmjena:<\/strong> generisanje izvje\u0161taja i razmjena podataka sa nadzorom, investitorom i ERP-om.<\/li><\/ul><\/li><\/ul>\t\t\t\t\t\t\t\t<\/div>\n\t\t\t\t<\/div>\n\t\t\t\t\t<\/div>\n\t\t\t\t<\/div>\n\t\t<div data-particle_enable=\"false\" data-particle-mobile-disabled=\"false\" class=\"elementor-element elementor-element-013997a e-flex e-con-boxed e-con e-parent\" data-id=\"013997a\" data-element_type=\"container\" data-settings=\"{&quot;mk_ext_is_sticky&quot;:&quot;false&quot;}\">\n\t\t\t\t\t<div class=\"e-con-inner\">\n\t\t<div data-particle_enable=\"false\" data-particle-mobile-disabled=\"false\" class=\"elementor-element elementor-element-fd2fba3 e-con-full e-flex e-con e-child\" data-id=\"fd2fba3\" data-element_type=\"container\" data-settings=\"{&quot;mk_ext_is_sticky&quot;:&quot;false&quot;}\">\n\t\t\t\t<div class=\"elementor-element elementor-element-ffe336a elementor-widget elementor-widget-text-editor\" data-id=\"ffe336a\" data-element_type=\"widget\" data-settings=\"{&quot;mk_ext_is_infinite&quot;:&quot;false&quot;,&quot;mk_ext_is_scrollme&quot;:&quot;false&quot;}\" data-widget_type=\"text-editor.default\">\n\t\t\t\t\t\t\t\t\t<ul><li><p><strong>Integracije i formati<\/strong><\/p><ul><li><strong>Formati izvoza:<\/strong> PDF, Excel (BOM\/obra\u010dun), DWG, IFC, ZW1.<\/li><li><strong>Povezivanje:<\/strong> Digitalni magacin (zalihe \u2192 ugra\u0111eno), Digitalni gra\u0111evinski dnevnik (dnevni u\u010dinak \u2194 obra\u010dun), Monitoring (napredak \u2194 finansije).<\/li><\/ul><\/li><\/ul>\t\t\t\t\t\t\t\t<\/div>\n\t\t\t\t<\/div>\n\t\t<div data-particle_enable=\"false\" data-particle-mobile-disabled=\"false\" class=\"elementor-element elementor-element-b33439c e-con-full e-flex e-con e-child\" data-id=\"b33439c\" data-element_type=\"container\" data-settings=\"{&quot;mk_ext_is_sticky&quot;:&quot;false&quot;}\">\n\t\t\t\t<div class=\"elementor-element elementor-element-3186807 elementor-widget elementor-widget-text-editor\" data-id=\"3186807\" data-element_type=\"widget\" data-settings=\"{&quot;mk_ext_is_infinite&quot;:&quot;false&quot;,&quot;mk_ext_is_scrollme&quot;:&quot;false&quot;}\" data-widget_type=\"text-editor.default\">\n\t\t\t\t\t\t\t\t\t<ul><li><p><strong>Rezultat za tim<\/strong><\/p><ul><li><strong>Manje osporavanja i naknadnih korekcija<\/strong> , vi\u0161e priznatih koli\u010dina bez zastoja.<\/li><li><strong>Transparentnost za sve u\u010desnike<\/strong> i centralni, pouzdan izvor podataka o koli\u010dinama, napretku i dokazima.<\/li><li><strong>Stabilniji cash-flow<\/strong> zahvaljuju\u0107i br\u017eim odobrenjima i urednim obra\u010dunima.<\/li><\/ul><\/li><\/ul>\t\t\t\t\t\t\t\t<\/div>\n\t\t\t\t<\/div>\n\t\t\t\t\t<\/div>\n\t\t\t\t<\/div>\n\t\t<div data-particle_enable=\"false\" data-particle-mobile-disabled=\"false\" class=\"elementor-element elementor-element-4f500ff e-con-full e-flex e-con e-parent\" data-id=\"4f500ff\" data-element_type=\"container\" data-settings=\"{&quot;mk_ext_is_sticky&quot;:&quot;false&quot;}\">\n\t\t\t\t<div class=\"elementor-element elementor-element-158b4cf elementor-widget elementor-widget-image\" data-id=\"158b4cf\" data-element_type=\"widget\" data-settings=\"{&quot;mk_ext_is_infinite&quot;:&quot;false&quot;,&quot;mk_ext_is_scrollme&quot;:&quot;false&quot;}\" data-widget_type=\"image.default\">\n\t\t\t\t\t\t\t\t\t\t\t\t\t\t\t<img fetchpriority=\"high\" decoding=\"async\" width=\"1920\" height=\"1080\" src=\"https:\/\/www.aprolitic.com\/wp-content\/uploads\/2025\/10\/moni-mali.webp\" class=\"attachment-full size-full wp-image-6486\" alt=\"\" srcset=\"https:\/\/www.aprolitic.com\/wp-content\/uploads\/2025\/10\/moni-mali.webp 1920w, https:\/\/www.aprolitic.com\/wp-content\/uploads\/2025\/10\/moni-mali-300x169.webp 300w, https:\/\/www.aprolitic.com\/wp-content\/uploads\/2025\/10\/moni-mali-1024x576.webp 1024w, https:\/\/www.aprolitic.com\/wp-content\/uploads\/2025\/10\/moni-mali-768x432.webp 768w, https:\/\/www.aprolitic.com\/wp-content\/uploads\/2025\/10\/moni-mali-1536x864.webp 1536w, https:\/\/www.aprolitic.com\/wp-content\/uploads\/2025\/10\/moni-mali-18x10.webp 18w\" sizes=\"(max-width: 1920px) 100vw, 1920px\" title=\"\">\t\t\t\t\t\t\t\t\t\t\t\t\t\t\t<\/div>\n\t\t\t\t<\/div>\n\t\t\t\t<\/div>","protected":false},"excerpt":{"rendered":"<p>Erstellung von Aufma\u00dfen und BIM-konformen 3D Aufma\u00dfemodellen Unser Ansatz verbindet Baustellendaten und BIM-3D-Modelle zu einem einheitlichen, pr\u00fcff\u00e4higen Abrechnung\u00dfystem. Die t\u00e4glichen Aufma\u00dfe basieren auf verifizierten BIM-Modellen und Baustellenaufzeichnungen \u2013 mit vollst\u00e4ndiger R\u00fcckverfolgbarkeit und einem klaren Audit-Trail jeder \u00c4nderung. Was Sie erhalten T\u00e4gliche, unstrittige Aufma\u00dfe: pr\u00fcff\u00e4hige und revision\u00dfichere Nachweise, bereit f\u00fcr Bauaufsicht [&hellip;]<\/p>","protected":false},"author":3,"featured_media":0,"parent":0,"menu_order":0,"comment_status":"closed","ping_status":"closed","template":"","meta":{"footnotes":""},"class_list":["post-6205","page","type-page","status-publish","hentry"],"_links":{"self":[{"href":"https:\/\/www.aprolitic.com\/ba\/wp-json\/wp\/v2\/pages\/6205","targetHints":{"allow":["GET"]}}],"collection":[{"href":"https:\/\/www.aprolitic.com\/ba\/wp-json\/wp\/v2\/pages"}],"about":[{"href":"https:\/\/www.aprolitic.com\/ba\/wp-json\/wp\/v2\/types\/page"}],"author":[{"embeddable":true,"href":"https:\/\/www.aprolitic.com\/ba\/wp-json\/wp\/v2\/users\/3"}],"replies":[{"embeddable":true,"href":"https:\/\/www.aprolitic.com\/ba\/wp-json\/wp\/v2\/comments?post=6205"}],"version-history":[{"count":32,"href":"https:\/\/www.aprolitic.com\/ba\/wp-json\/wp\/v2\/pages\/6205\/revisions"}],"predecessor-version":[{"id":6851,"href":"https:\/\/www.aprolitic.com\/ba\/wp-json\/wp\/v2\/pages\/6205\/revisions\/6851"}],"wp:attachment":[{"href":"https:\/\/www.aprolitic.com\/ba\/wp-json\/wp\/v2\/media?parent=6205"}],"curies":[{"name":"wp","href":"https:\/\/api.w.org\/{rel}","templated":true}]}}