{"id":6199,"date":"2025-10-03T16:12:16","date_gmt":"2025-10-03T16:12:16","guid":{"rendered":"https:\/\/www.aprolitic.com\/?page_id=6199"},"modified":"2026-01-23T10:10:57","modified_gmt":"2026-01-23T10:10:57","slug":"erstellung-von-aufmassen-und-2d-aufmassplaenen","status":"publish","type":"page","link":"https:\/\/www.aprolitic.com\/ba\/erstellung-von-aufmassen-und-2d-aufmassplaenen\/","title":{"rendered":"Kreiranje mjerenja i 2D planova mjerenja"},"content":{"rendered":"<div data-elementor-type=\"wp-page\" data-elementor-id=\"6199\" class=\"elementor elementor-6199\" data-elementor-post-type=\"page\">\n\t\t\t\t<div data-particle_enable=\"false\" data-particle-mobile-disabled=\"false\" class=\"elementor-element elementor-element-10e1e9a e-flex e-con-boxed e-con e-parent\" data-id=\"10e1e9a\" data-element_type=\"container\" data-settings=\"{&quot;mk_ext_is_sticky&quot;:&quot;false&quot;}\">\n\t\t\t\t\t<div class=\"e-con-inner\">\n\t\t\t\t<div class=\"elementor-element elementor-element-88c35d3 elementor-widget elementor-widget-heading\" data-id=\"88c35d3\" data-element_type=\"widget\" data-settings=\"{&quot;mk_ext_is_infinite&quot;:&quot;false&quot;,&quot;mk_ext_is_scrollme&quot;:&quot;false&quot;}\" data-widget_type=\"heading.default\">\n\t\t\t\t\t<h2 class=\"elementor-heading-title elementor-size-default\">Kreiranje mjerenja i 2D planova mjerenja<\/h2>\t\t\t\t<\/div>\n\t\t\t\t\t<\/div>\n\t\t\t\t<\/div>\n\t\t<div data-particle_enable=\"false\" data-particle-mobile-disabled=\"false\" class=\"elementor-element elementor-element-5787766 e-flex e-con-boxed e-con e-parent\" data-id=\"5787766\" data-element_type=\"container\" data-settings=\"{&quot;mk_ext_is_sticky&quot;:&quot;false&quot;}\">\n\t\t\t\t\t<div class=\"e-con-inner\">\n\t\t\t\t<div class=\"elementor-element elementor-element-d40be4d elementor-widget elementor-widget-text-editor\" data-id=\"d40be4d\" data-element_type=\"widget\" data-settings=\"{&quot;mk_ext_is_infinite&quot;:&quot;false&quot;,&quot;mk_ext_is_scrollme&quot;:&quot;false&quot;}\" data-widget_type=\"text-editor.default\">\n\t\t\t\t\t\t\t\t\t<p>Usluge - Na\u0161 multidisciplinarni tim kombinuje dubinsko poznavanje industrije sa naprednim tehni\u010dkim vje\u0161tinama kako bi pru\u017eio precizna, efikasna i inovativna rje\u0161enja za svaku fazu projekta. Od digitalnog planiranja i optimizacije resursa do pra\u0107enja u realnom vremenu i automatizacije procesa, donosimo pravu stru\u010dnost za upravljanje slo\u017eeno\u0161\u0107u i osiguranje uspjeha. Svaka na\u0161a vje\u0161tina zasnovana je na iskustvu i dokazana je na nekim od najizazovnijih gradili\u0161ta u Njema\u010dkoj i EU.<\/p>\t\t\t\t\t\t\t\t<\/div>\n\t\t\t\t\t<\/div>\n\t\t\t\t<\/div>\n\t\t<div data-particle_enable=\"false\" data-particle-mobile-disabled=\"false\" class=\"elementor-element elementor-element-4d08a1d e-flex e-con-boxed e-con e-parent\" data-id=\"4d08a1d\" data-element_type=\"container\" data-settings=\"{&quot;mk_ext_is_sticky&quot;:&quot;false&quot;}\">\n\t\t\t\t\t<div class=\"e-con-inner\">\n\t\t<div data-particle_enable=\"false\" data-particle-mobile-disabled=\"false\" class=\"elementor-element elementor-element-aa7e1e9 e-con-full e-flex e-con e-child\" data-id=\"aa7e1e9\" data-element_type=\"container\" data-settings=\"{&quot;mk_ext_is_sticky&quot;:&quot;false&quot;}\">\n\t\t\t\t<div class=\"elementor-element elementor-element-1409bba elementor-widget elementor-widget-text-editor\" data-id=\"1409bba\" data-element_type=\"widget\" data-settings=\"{&quot;mk_ext_is_infinite&quot;:&quot;false&quot;,&quot;mk_ext_is_scrollme&quot;:&quot;false&quot;}\" data-widget_type=\"text-editor.default\">\n\t\t\t\t\t\t\t\t\t<p><strong>Obim usluga<\/strong><\/p><ul><li><strong>Pisani obra\u010duni prema LV\/po stavkama<\/strong> \u2013 transparentni, provjerljivi i uskla\u0111eni s VOB\/BGB.<\/li><li><strong>(osnove, \u0161eme, situacioni planovi)<\/strong> s jasnim dimenzijama, referencama i nedvosmislenom legendom.<\/li><li><strong>Uskla\u0111ivanje plan\u2013stanje na terenu (Plan\/Ist)<\/strong> uklju\u010duju\u0107i fotodokumentaciju s vremenskim \u017eigom i vezu na zonu\/prostoriju\/razvodni ormar.<\/li><li><strong>Sigurnost verzija i revizije<\/strong> \u2013 potpuni istorijat izmjena (audit trail).<\/li><li><strong>Interfejsi i izvozi<\/strong> \u2013 PDF, Excel.<\/li><\/ul>\t\t\t\t\t\t\t\t<\/div>\n\t\t\t\t<\/div>\n\t\t<div data-particle_enable=\"false\" data-particle-mobile-disabled=\"false\" class=\"elementor-element elementor-element-8fc184c e-con-full e-flex e-con e-child\" data-id=\"8fc184c\" data-element_type=\"container\" data-settings=\"{&quot;mk_ext_is_sticky&quot;:&quot;false&quot;}\">\n\t\t\t\t<div class=\"elementor-element elementor-element-c6ad01d elementor-widget elementor-widget-text-editor\" data-id=\"c6ad01d\" data-element_type=\"widget\" data-settings=\"{&quot;mk_ext_is_infinite&quot;:&quot;false&quot;,&quot;mk_ext_is_scrollme&quot;:&quot;false&quot;}\" data-widget_type=\"text-editor.default\">\n\t\t\t\t\t\t\t\t\t<p><strong>Kvalitet i metodologija<\/strong><\/p><ul><li><strong>Standardizovane smjernice za mjerenje i dokumentaciju<\/strong>princip \u010detiri oka za kriti\u010dne stavke.<\/li><li><strong>Jasno obilje\u017eavanje koli\u010dina (du\u017eina\/povr\u0161ina\/komad)<\/strong> direktno u planu, numeracija i me\u0111usobne reference.<\/li><li><strong>Jasne odgovornosti<\/strong>, koraci odobravanja i obavje\u0161tenja.<\/li><li><strong>Konzistentna struktura<\/strong> podataka za kasnije provjere, naknadne radove (Nachtr\u00e4ge) i obra\u010dune.<\/li><\/ul>\t\t\t\t\t\t\t\t<\/div>\n\t\t\t\t<\/div>\n\t\t\t\t\t<\/div>\n\t\t\t\t<\/div>\n\t\t<div data-particle_enable=\"false\" data-particle-mobile-disabled=\"false\" class=\"elementor-element elementor-element-a027a2e e-con-full e-flex e-con e-parent\" data-id=\"a027a2e\" data-element_type=\"container\" data-settings=\"{&quot;mk_ext_is_sticky&quot;:&quot;false&quot;}\">\n\t\t\t\t<div class=\"elementor-element elementor-element-2db9c41 elementor-widget elementor-widget-image\" data-id=\"2db9c41\" data-element_type=\"widget\" data-settings=\"{&quot;mk_ext_is_infinite&quot;:&quot;false&quot;,&quot;mk_ext_is_scrollme&quot;:&quot;false&quot;}\" data-widget_type=\"image.default\">\n\t\t\t\t\t\t\t\t\t\t\t\t\t\t\t<img fetchpriority=\"high\" decoding=\"async\" width=\"768\" height=\"492\" src=\"https:\/\/www.aprolitic.com\/wp-content\/uploads\/2025\/10\/2D-768x492.png\" class=\"attachment-medium_large size-medium_large wp-image-6773\" alt=\"\" srcset=\"https:\/\/www.aprolitic.com\/wp-content\/uploads\/2025\/10\/2D-768x492.png 768w, https:\/\/www.aprolitic.com\/wp-content\/uploads\/2025\/10\/2D-300x192.png 300w, https:\/\/www.aprolitic.com\/wp-content\/uploads\/2025\/10\/2D-18x12.png 18w, https:\/\/www.aprolitic.com\/wp-content\/uploads\/2025\/10\/2D.png 1000w\" sizes=\"(max-width: 768px) 100vw, 768px\" title=\"\">\t\t\t\t\t\t\t\t\t\t\t\t\t\t\t<\/div>\n\t\t\t\t<\/div>\n\t\t<div data-particle_enable=\"false\" data-particle-mobile-disabled=\"false\" class=\"elementor-element elementor-element-013997a e-flex e-con-boxed e-con e-parent\" data-id=\"013997a\" data-element_type=\"container\" data-settings=\"{&quot;mk_ext_is_sticky&quot;:&quot;false&quot;}\">\n\t\t\t\t\t<div class=\"e-con-inner\">\n\t\t<div data-particle_enable=\"false\" data-particle-mobile-disabled=\"false\" class=\"elementor-element elementor-element-fd2fba3 e-con-full e-flex e-con e-child\" data-id=\"fd2fba3\" data-element_type=\"container\" data-settings=\"{&quot;mk_ext_is_sticky&quot;:&quot;false&quot;}\">\n\t\t\t\t<div class=\"elementor-element elementor-element-ffe336a elementor-widget elementor-widget-text-editor\" data-id=\"ffe336a\" data-element_type=\"widget\" data-settings=\"{&quot;mk_ext_is_infinite&quot;:&quot;false&quot;,&quot;mk_ext_is_scrollme&quot;:&quot;false&quot;}\" data-widget_type=\"text-editor.default\">\n\t\t\t\t\t\t\t\t\t<p><strong>\u0160ta dobijate<\/strong><\/p><ul><li><strong>Br\u017ea odobrenja i naplata<\/strong> i pla\u0107anja zahvaljuju\u0107i \u010distim, provjerljivim paketima.<\/li><li><strong>Manje pitanja i skra\u0107enja<\/strong> zbog potpunih dokaza i jasnih veza.<\/li><li><strong>Manje usagla\u0161avanja<\/strong> izme\u0111u planiranja, gradili\u0161nog vo\u0111enja i obra\u010duna.<\/li><li><strong>Transparentnost za sve u\u010desnike<\/strong> \u2013 jedinstvena osnova za odlu\u010divanje.<\/li><\/ul>\t\t\t\t\t\t\t\t<\/div>\n\t\t\t\t<\/div>\n\t\t<div data-particle_enable=\"false\" data-particle-mobile-disabled=\"false\" class=\"elementor-element elementor-element-b33439c e-con-full e-flex e-con e-child\" data-id=\"b33439c\" data-element_type=\"container\" data-settings=\"{&quot;mk_ext_is_sticky&quot;:&quot;false&quot;}\">\n\t\t\t\t<div class=\"elementor-element elementor-element-3186807 elementor-widget elementor-widget-text-editor\" data-id=\"3186807\" data-element_type=\"widget\" data-settings=\"{&quot;mk_ext_is_infinite&quot;:&quot;false&quot;,&quot;mk_ext_is_scrollme&quot;:&quot;false&quot;}\" data-widget_type=\"text-editor.default\">\n\t\t\t\t\t\t\t\t\t<p><strong>Proces<\/strong><\/p><ol><li><strong>Kick-off i preuzimanje podataka<\/strong> (planovi, LV, standardi)<\/li><li><strong>Provjera planova i set-up<\/strong> (legende, slojevi, numeracije)<\/li><li><strong>Vo\u0111enje obra\u010duna dnevno\/sedmi\u010dno<\/strong> uz Plan\/Ist uskla\u0111ivanje<\/li><li><strong>Kontrola kvaliteta i odobravanje<\/strong> (princip \u010detiri oka, zapisnik provjere)<\/li><li><strong>Predaja i izvoz<\/strong> (PDF\/Excel), opcioni uvoz u ERP<\/li><\/ol>\t\t\t\t\t\t\t\t<\/div>\n\t\t\t\t<\/div>\n\t\t\t\t\t<\/div>\n\t\t\t\t<\/div>\n\t\t\t\t<\/div>","protected":false},"excerpt":{"rendered":"<p>Erstellung von Aufma\u00dfen und 2D-Aufma\u00dfpl\u00e4nen Wir erfa\u00dfen Leistungen pr\u00e4zise, nachvollziehbar und pr\u00fcff\u00e4hig. Unser multidisziplin\u00e4res Team verbindet tiefes Branchenwi\u00dfen mit fortgeschrittenen technischen F\u00e4higkeiten, um in jeder Projektphase exakte, effiziente und innovative L\u00f6sungen zu liefern \u2013 von der digitalen Planung und Re\u00dfourcenoptimierung bis hin zur Proze\u00dfautomatisierung und Echtzeit-Kontrolle. Alle Methoden sind in [&hellip;]<\/p>","protected":false},"author":3,"featured_media":0,"parent":0,"menu_order":0,"comment_status":"closed","ping_status":"closed","template":"","meta":{"footnotes":""},"class_list":["post-6199","page","type-page","status-publish","hentry"],"_links":{"self":[{"href":"https:\/\/www.aprolitic.com\/ba\/wp-json\/wp\/v2\/pages\/6199","targetHints":{"allow":["GET"]}}],"collection":[{"href":"https:\/\/www.aprolitic.com\/ba\/wp-json\/wp\/v2\/pages"}],"about":[{"href":"https:\/\/www.aprolitic.com\/ba\/wp-json\/wp\/v2\/types\/page"}],"author":[{"embeddable":true,"href":"https:\/\/www.aprolitic.com\/ba\/wp-json\/wp\/v2\/users\/3"}],"replies":[{"embeddable":true,"href":"https:\/\/www.aprolitic.com\/ba\/wp-json\/wp\/v2\/comments?post=6199"}],"version-history":[{"count":44,"href":"https:\/\/www.aprolitic.com\/ba\/wp-json\/wp\/v2\/pages\/6199\/revisions"}],"predecessor-version":[{"id":7101,"href":"https:\/\/www.aprolitic.com\/ba\/wp-json\/wp\/v2\/pages\/6199\/revisions\/7101"}],"wp:attachment":[{"href":"https:\/\/www.aprolitic.com\/ba\/wp-json\/wp\/v2\/media?parent=6199"}],"curies":[{"name":"wp","href":"https:\/\/api.w.org\/{rel}","templated":true}]}}